{"id":7390,"date":"2020-01-30T09:28:16","date_gmt":"2020-01-30T09:28:16","guid":{"rendered":"https:\/\/www.bodegasfranciscogomez.es\/producto\/pago-francisco-gomez-fondillon-solera-1988\/"},"modified":"2023-06-19T11:40:17","modified_gmt":"2023-06-19T09:40:17","slug":"pago-francisco-gomez-fondillon-solera-1988-en","status":"publish","type":"product","link":"https:\/\/www.bodegasfranciscogomez.es\/en\/producto\/pago-francisco-gomez-fondillon-solera-1988-en\/","title":{"rendered":"PAGO FRANCISCO G\u00d3MEZ FONDILL\u00d3N SOLERA 1988"},"content":{"rendered":"<p>A generous wine, unique in the world, with an extraordinary and peculiar personality. A historic wine from the beginning of the 13th century, it was the first wine with its own name, exclusive to kings and consumed by the great figures of history. It also travelled on the first expeditions around the world, such as those of Juan Sebasti\u00e1n Elcano.<br \/>\nFondill\u00f3n from Alicante, our most precious jewel. Included among the Five Luxury Wines declared by the EU.<\/p>\n","protected":false},"excerpt":{"rendered":"<p>A generous wine, unique in the world, with an extraordinary and peculiar personality. A historic wine from the beginning of the 13th century, it was the first wine with its own name, exclusive to kings and consumed by the great figures of history. It also travelled on the first expeditions around the world, such as [&hellip;]<\/p>\n","protected":false},"featured_media":6933,"template":"","meta":{"_acf_changed":false,"_et_pb_use_builder":"","_et_pb_old_content":"","_et_gb_content_width":""},"product_brand":[],"product_cat":[135,161,128],"product_tag":[],"class_list":{"0":"post-7390","1":"product","2":"type-product","3":"status-publish","4":"has-post-thumbnail","6":"product_cat-francisco-gomez-en","7":"product_cat-pago-fondillon-1988-en","8":"product_cat-trivium-en","9":"pa_coleecciones-francisco-gomez-en","10":"pa_coleecciones-trivium-en","11":"pa_tipo-de-vino-fondillon-en","12":"pa_variedad-de-uva-monastrell-en","14":"first","15":"instock","16":"taxable","17":"shipping-taxable","18":"purchasable","19":"product-type-simple"},"acf":[],"yoast_head":"<!-- This site is optimized with the Yoast SEO plugin v27.1.1 - https:\/\/yoast.com\/product\/yoast-seo-wordpress\/ -->\n<title>PAGO FRANCISCO G\u00d3MEZ FONDILL\u00d3N SOLERA 1988 - BODEGAS FRANCISCO G\u00d3MEZ<\/title>\n<meta name=\"robots\" content=\"index, follow, max-snippet:-1, max-image-preview:large, max-video-preview:-1\" \/>\n<link rel=\"canonical\" href=\"https:\/\/www.bodegasfranciscogomez.es\/en\/producto\/pago-francisco-gomez-fondillon-solera-1988-en\/\" \/>\n<meta property=\"og:locale\" content=\"en_US\" \/>\n<meta property=\"og:type\" content=\"article\" \/>\n<meta property=\"og:title\" content=\"PAGO FRANCISCO G\u00d3MEZ FONDILL\u00d3N SOLERA 1988 - BODEGAS FRANCISCO G\u00d3MEZ\" \/>\n<meta property=\"og:description\" content=\"A generous wine, unique in the world, with an extraordinary and peculiar personality. A historic wine from the beginning of the 13th century, it was the first wine with its own name, exclusive to kings and consumed by the great figures of history. It also travelled on the first expeditions around the world, such as [&hellip;]\" \/>\n<meta property=\"og:url\" content=\"https:\/\/www.bodegasfranciscogomez.es\/en\/producto\/pago-francisco-gomez-fondillon-solera-1988-en\/\" \/>\n<meta property=\"og:site_name\" content=\"BODEGAS FRANCISCO G\u00d3MEZ\" \/>\n<meta property=\"article:modified_time\" content=\"2023-06-19T09:40:17+00:00\" \/>\n<meta property=\"og:image\" content=\"https:\/\/www.bodegasfranciscogomez.es\/wp-content\/uploads\/2020\/01\/fondillon-estuche-t-1.png\" \/>\n\t<meta property=\"og:image:width\" content=\"500\" \/>\n\t<meta property=\"og:image:height\" content=\"1000\" \/>\n\t<meta property=\"og:image:type\" content=\"image\/png\" \/>\n<meta name=\"twitter:card\" content=\"summary_large_image\" \/>\n<meta name=\"twitter:label1\" content=\"Est. reading time\" \/>\n\t<meta name=\"twitter:data1\" content=\"1 minute\" \/>\n<script type=\"application\/ld+json\" class=\"yoast-schema-graph\">{\"@context\":\"https:\/\/schema.org\",\"@graph\":[{\"@type\":\"WebPage\",\"@id\":\"https:\/\/www.bodegasfranciscogomez.es\/en\/producto\/pago-francisco-gomez-fondillon-solera-1988-en\/\",\"url\":\"https:\/\/www.bodegasfranciscogomez.es\/en\/producto\/pago-francisco-gomez-fondillon-solera-1988-en\/\",\"name\":\"PAGO FRANCISCO G\u00d3MEZ FONDILL\u00d3N SOLERA 1988 - BODEGAS FRANCISCO G\u00d3MEZ\",\"isPartOf\":{\"@id\":\"https:\/\/www.bodegasfranciscogomez.es\/en\/#website\"},\"primaryImageOfPage\":{\"@id\":\"https:\/\/www.bodegasfranciscogomez.es\/en\/producto\/pago-francisco-gomez-fondillon-solera-1988-en\/#primaryimage\"},\"image\":{\"@id\":\"https:\/\/www.bodegasfranciscogomez.es\/en\/producto\/pago-francisco-gomez-fondillon-solera-1988-en\/#primaryimage\"},\"thumbnailUrl\":\"https:\/\/www.bodegasfranciscogomez.es\/wp-content\/uploads\/2020\/01\/fondillon-estuche-t-1.png\",\"datePublished\":\"2020-01-30T09:28:16+00:00\",\"dateModified\":\"2023-06-19T09:40:17+00:00\",\"breadcrumb\":{\"@id\":\"https:\/\/www.bodegasfranciscogomez.es\/en\/producto\/pago-francisco-gomez-fondillon-solera-1988-en\/#breadcrumb\"},\"inLanguage\":\"en-US\",\"potentialAction\":[{\"@type\":\"ReadAction\",\"target\":[\"https:\/\/www.bodegasfranciscogomez.es\/en\/producto\/pago-francisco-gomez-fondillon-solera-1988-en\/\"]}]},{\"@type\":\"ImageObject\",\"inLanguage\":\"en-US\",\"@id\":\"https:\/\/www.bodegasfranciscogomez.es\/en\/producto\/pago-francisco-gomez-fondillon-solera-1988-en\/#primaryimage\",\"url\":\"https:\/\/www.bodegasfranciscogomez.es\/wp-content\/uploads\/2020\/01\/fondillon-estuche-t-1.png\",\"contentUrl\":\"https:\/\/www.bodegasfranciscogomez.es\/wp-content\/uploads\/2020\/01\/fondillon-estuche-t-1.png\",\"width\":500,\"height\":1000},{\"@type\":\"BreadcrumbList\",\"@id\":\"https:\/\/www.bodegasfranciscogomez.es\/en\/producto\/pago-francisco-gomez-fondillon-solera-1988-en\/#breadcrumb\",\"itemListElement\":[{\"@type\":\"ListItem\",\"position\":1,\"name\":\"Portada\",\"item\":\"https:\/\/www.bodegasfranciscogomez.es\/en\/\"},{\"@type\":\"ListItem\",\"position\":2,\"name\":\"SHOP\",\"item\":\"https:\/\/www.bodegasfranciscogomez.es\/tienda\/\"},{\"@type\":\"ListItem\",\"position\":3,\"name\":\"PAGO FRANCISCO G\u00d3MEZ FONDILL\u00d3N SOLERA 1988\"}]},{\"@type\":\"WebSite\",\"@id\":\"https:\/\/www.bodegasfranciscogomez.es\/en\/#website\",\"url\":\"https:\/\/www.bodegasfranciscogomez.es\/en\/\",\"name\":\"BODEGAS FRANCISCO G\u00d3MEZ\",\"description\":\"Vino y Aceite de Oliva Virgen Extra\",\"potentialAction\":[{\"@type\":\"SearchAction\",\"target\":{\"@type\":\"EntryPoint\",\"urlTemplate\":\"https:\/\/www.bodegasfranciscogomez.es\/en\/?s={search_term_string}\"},\"query-input\":{\"@type\":\"PropertyValueSpecification\",\"valueRequired\":true,\"valueName\":\"search_term_string\"}}],\"inLanguage\":\"en-US\"}]}<\/script>\n<!-- \/ Yoast SEO plugin. -->","yoast_head_json":{"title":"PAGO FRANCISCO G\u00d3MEZ FONDILL\u00d3N SOLERA 1988 - BODEGAS FRANCISCO G\u00d3MEZ","robots":{"index":"index","follow":"follow","max-snippet":"max-snippet:-1","max-image-preview":"max-image-preview:large","max-video-preview":"max-video-preview:-1"},"canonical":"https:\/\/www.bodegasfranciscogomez.es\/en\/producto\/pago-francisco-gomez-fondillon-solera-1988-en\/","og_locale":"en_US","og_type":"article","og_title":"PAGO FRANCISCO G\u00d3MEZ FONDILL\u00d3N SOLERA 1988 - BODEGAS FRANCISCO G\u00d3MEZ","og_description":"A generous wine, unique in the world, with an extraordinary and peculiar personality. A historic wine from the beginning of the 13th century, it was the first wine with its own name, exclusive to kings and consumed by the great figures of history. It also travelled on the first expeditions around the world, such as [&hellip;]","og_url":"https:\/\/www.bodegasfranciscogomez.es\/en\/producto\/pago-francisco-gomez-fondillon-solera-1988-en\/","og_site_name":"BODEGAS FRANCISCO G\u00d3MEZ","article_modified_time":"2023-06-19T09:40:17+00:00","og_image":[{"width":500,"height":1000,"url":"https:\/\/www.bodegasfranciscogomez.es\/wp-content\/uploads\/2020\/01\/fondillon-estuche-t-1.png","type":"image\/png"}],"twitter_card":"summary_large_image","twitter_misc":{"Est. reading time":"1 minute"},"schema":{"@context":"https:\/\/schema.org","@graph":[{"@type":"WebPage","@id":"https:\/\/www.bodegasfranciscogomez.es\/en\/producto\/pago-francisco-gomez-fondillon-solera-1988-en\/","url":"https:\/\/www.bodegasfranciscogomez.es\/en\/producto\/pago-francisco-gomez-fondillon-solera-1988-en\/","name":"PAGO FRANCISCO G\u00d3MEZ FONDILL\u00d3N SOLERA 1988 - BODEGAS FRANCISCO G\u00d3MEZ","isPartOf":{"@id":"https:\/\/www.bodegasfranciscogomez.es\/en\/#website"},"primaryImageOfPage":{"@id":"https:\/\/www.bodegasfranciscogomez.es\/en\/producto\/pago-francisco-gomez-fondillon-solera-1988-en\/#primaryimage"},"image":{"@id":"https:\/\/www.bodegasfranciscogomez.es\/en\/producto\/pago-francisco-gomez-fondillon-solera-1988-en\/#primaryimage"},"thumbnailUrl":"https:\/\/www.bodegasfranciscogomez.es\/wp-content\/uploads\/2020\/01\/fondillon-estuche-t-1.png","datePublished":"2020-01-30T09:28:16+00:00","dateModified":"2023-06-19T09:40:17+00:00","breadcrumb":{"@id":"https:\/\/www.bodegasfranciscogomez.es\/en\/producto\/pago-francisco-gomez-fondillon-solera-1988-en\/#breadcrumb"},"inLanguage":"en-US","potentialAction":[{"@type":"ReadAction","target":["https:\/\/www.bodegasfranciscogomez.es\/en\/producto\/pago-francisco-gomez-fondillon-solera-1988-en\/"]}]},{"@type":"ImageObject","inLanguage":"en-US","@id":"https:\/\/www.bodegasfranciscogomez.es\/en\/producto\/pago-francisco-gomez-fondillon-solera-1988-en\/#primaryimage","url":"https:\/\/www.bodegasfranciscogomez.es\/wp-content\/uploads\/2020\/01\/fondillon-estuche-t-1.png","contentUrl":"https:\/\/www.bodegasfranciscogomez.es\/wp-content\/uploads\/2020\/01\/fondillon-estuche-t-1.png","width":500,"height":1000},{"@type":"BreadcrumbList","@id":"https:\/\/www.bodegasfranciscogomez.es\/en\/producto\/pago-francisco-gomez-fondillon-solera-1988-en\/#breadcrumb","itemListElement":[{"@type":"ListItem","position":1,"name":"Portada","item":"https:\/\/www.bodegasfranciscogomez.es\/en\/"},{"@type":"ListItem","position":2,"name":"SHOP","item":"https:\/\/www.bodegasfranciscogomez.es\/tienda\/"},{"@type":"ListItem","position":3,"name":"PAGO FRANCISCO G\u00d3MEZ FONDILL\u00d3N SOLERA 1988"}]},{"@type":"WebSite","@id":"https:\/\/www.bodegasfranciscogomez.es\/en\/#website","url":"https:\/\/www.bodegasfranciscogomez.es\/en\/","name":"BODEGAS FRANCISCO G\u00d3MEZ","description":"Vino y Aceite de Oliva Virgen Extra","potentialAction":[{"@type":"SearchAction","target":{"@type":"EntryPoint","urlTemplate":"https:\/\/www.bodegasfranciscogomez.es\/en\/?s={search_term_string}"},"query-input":{"@type":"PropertyValueSpecification","valueRequired":true,"valueName":"search_term_string"}}],"inLanguage":"en-US"}]}},"_links":{"self":[{"href":"https:\/\/www.bodegasfranciscogomez.es\/en\/wp-json\/wp\/v2\/product\/7390","targetHints":{"allow":["GET"]}}],"collection":[{"href":"https:\/\/www.bodegasfranciscogomez.es\/en\/wp-json\/wp\/v2\/product"}],"about":[{"href":"https:\/\/www.bodegasfranciscogomez.es\/en\/wp-json\/wp\/v2\/types\/product"}],"wp:featuredmedia":[{"embeddable":true,"href":"https:\/\/www.bodegasfranciscogomez.es\/en\/wp-json\/wp\/v2\/media\/6933"}],"wp:attachment":[{"href":"https:\/\/www.bodegasfranciscogomez.es\/en\/wp-json\/wp\/v2\/media?parent=7390"}],"wp:term":[{"taxonomy":"product_brand","embeddable":true,"href":"https:\/\/www.bodegasfranciscogomez.es\/en\/wp-json\/wp\/v2\/product_brand?post=7390"},{"taxonomy":"product_cat","embeddable":true,"href":"https:\/\/www.bodegasfranciscogomez.es\/en\/wp-json\/wp\/v2\/product_cat?post=7390"},{"taxonomy":"product_tag","embeddable":true,"href":"https:\/\/www.bodegasfranciscogomez.es\/en\/wp-json\/wp\/v2\/product_tag?post=7390"}],"curies":[{"name":"wp","href":"https:\/\/api.w.org\/{rel}","templated":true}]}}