{"id":7207,"date":"2020-02-13T16:53:39","date_gmt":"2020-02-13T14:53:39","guid":{"rendered":"https:\/\/www.bodegasfranciscogomez.es\/finca-la-serrata\/"},"modified":"2023-06-28T11:21:53","modified_gmt":"2023-06-28T09:21:53","slug":"our-state","status":"publish","type":"page","link":"https:\/\/www.bodegasfranciscogomez.es\/en\/our-state\/","title":{"rendered":"OUR STATE"},"content":{"rendered":"<p>[et_pb_section fb_built=&#8221;1&#8243; fullwidth=&#8221;on&#8221; module_class=&#8221;cursor&#8221; _builder_version=&#8221;4.16&#8243; link_option_url=&#8221;#inicio&#8221; global_colors_info=&#8221;{}&#8221;][et_pb_fullwidth_header title=&#8221;OUR ESTATE&#8221; subhead=&#8221;A privileged place&#8230;&#8221; text_orientation=&#8221;center&#8221; module_class=&#8221;ds-vertical-align&#8221; _builder_version=&#8221;4.21.0&#8243; title_font=&#8221;Roboto||||||||&#8221; title_font_size=&#8221;40px&#8221; subhead_font=&#8221;PT Serif||on||||||&#8221; subhead_font_size=&#8221;22px&#8221; background_image=&#8221;https:\/\/www.bodegasfranciscogomez.es\/wp-content\/uploads\/2020\/04\/bn_finca-a.jpg&#8221; module_alignment=&#8221;center&#8221; min_height=&#8221;642px&#8221; min_height_tablet=&#8221;&#8221; min_height_phone=&#8221;&#8221; min_height_last_edited=&#8221;on|desktop&#8221; animation_style=&#8221;fade&#8221; global_colors_info=&#8221;{}&#8221;][\/et_pb_fullwidth_header][\/et_pb_section][et_pb_section fb_built=&#8221;1&#8243; module_id=&#8221;inicio&#8221; _builder_version=&#8221;4.16&#8243; global_colors_info=&#8221;{}&#8221;][et_pb_row _builder_version=&#8221;4.16&#8243; custom_margin=&#8221;-3%||||false|false&#8221; animation_style=&#8221;fade&#8221; global_colors_info=&#8221;{}&#8221;][et_pb_column type=&#8221;4_4&#8243; _builder_version=&#8221;4.16&#8243; global_colors_info=&#8221;{}&#8221;][et_pb_text admin_label=&#8221;TEXTO 1&#8243; _builder_version=&#8221;4.21.0&#8243; text_orientation=&#8221;center&#8221; width=&#8221;60%&#8221; module_alignment=&#8221;center&#8221; custom_margin=&#8221;||2%||false|false&#8221; global_colors_info=&#8221;{}&#8221;]<\/p>\n<p>Bodegas Francisco G\u00f3mez is located in La Serrata, between the Sierras del Castellar and El Serruch\u00f3n. It is located 9 kilometres southwest of Villena, in the Alto Vinalop\u00f3 region, in the Mediterranean hinterland. The valley itself forms a barrier that marks the boundaries of the property&#8217;s 3.500 hectares.<\/p>\n<p>The 620 metres of altitude where this Alicante winery is located favours special conditions for the cultivation of vineyards. These conditions do not exist in the rest of the region. That&#8217;s why #BodegasFG is a must on the Alicante wine route.<\/p>\n<p>[\/et_pb_text][\/et_pb_column][\/et_pb_row][et_pb_row column_structure=&#8221;1_2,1_2&#8243; use_custom_gutter=&#8221;on&#8221; gutter_width=&#8221;1&#8243; make_equal=&#8221;on&#8221; module_class=&#8221;franjas_ajustadas&#8221; _builder_version=&#8221;4.16&#8243; background_color=&#8221;#f4f1e9&#8243; width=&#8221;100%&#8221; animation_style=&#8221;fade&#8221; global_colors_info=&#8221;{}&#8221;][et_pb_column type=&#8221;1_2&#8243; module_class=&#8221;ds-vertical-align &#8221; _builder_version=&#8221;4.16&#8243; global_colors_info=&#8221;{}&#8221;][et_pb_gallery gallery_ids=&#8221;1637,1638,1639,1640&#8243; fullwidth=&#8221;on&#8221; admin_label=&#8221;GALERIA FINCA 1&#8243; _builder_version=&#8221;4.16&#8243; auto=&#8221;on&#8221; auto_speed=&#8221;3000&#8243; global_colors_info=&#8221;{}&#8221;][\/et_pb_gallery][\/et_pb_column][et_pb_column type=&#8221;1_2&#8243; module_class=&#8221;ds-vertical-align &#8221; _builder_version=&#8221;4.16&#8243; background_color=&#8221;#f4f1e9&#8243; global_colors_info=&#8221;{}&#8221;][et_pb_text admin_label=&#8221;TEXTO FINCA 1&#8243; _builder_version=&#8221;4.21.0&#8243; background_enable_color=&#8221;off&#8221; text_orientation=&#8221;center&#8221; width=&#8221;70%&#8221; width_tablet=&#8221;&#8221; width_phone=&#8221;&#8221; width_last_edited=&#8221;on|phone&#8221; module_alignment=&#8221;center&#8221; global_colors_info=&#8221;{}&#8221;]<\/p>\n<p>\u200bAncient peoples such as Iberians, Celts, Romans and even Phoenicians chose these lands to perfect their crops. In the 18th century archives of the Villena Town Hall there is a record of the existence of a winery on this estate. This is proof of the wine-making and oenological tradition that has survived to the present day.<\/p>\n<p>[\/et_pb_text][\/et_pb_column][\/et_pb_row][et_pb_row column_structure=&#8221;1_2,1_2&#8243; use_custom_gutter=&#8221;on&#8221; gutter_width=&#8221;1&#8243; make_equal=&#8221;on&#8221; module_class=&#8221;franjas_ajustadas&#8221; _builder_version=&#8221;4.16&#8243; background_color=&#8221;#f4f1e9&#8243; width=&#8221;100%&#8221; animation_style=&#8221;fade&#8221; global_colors_info=&#8221;{}&#8221;][et_pb_column type=&#8221;1_2&#8243; module_class=&#8221;ds-vertical-align &#8221; _builder_version=&#8221;4.16&#8243; global_colors_info=&#8221;{}&#8221;][et_pb_text admin_label=&#8221;TEXTO FINCA 2&#8243; _builder_version=&#8221;4.21.0&#8243; background_enable_color=&#8221;off&#8221; text_orientation=&#8221;center&#8221; width=&#8221;70%&#8221; width_tablet=&#8221;&#8221; width_phone=&#8221;&#8221; width_last_edited=&#8221;on|phone&#8221; module_alignment=&#8221;center&#8221; global_colors_info=&#8221;{}&#8221;]<\/p>\n<p>We are very proud to host these gems on our property. For this reason, we respect and disseminate the typicality and origin of our estate, continuing and preserving the tradition and its legacy.<\/p>\n<p>[\/et_pb_text][et_pb_button button_url=&#8221;@ET-DC@eyJkeW5hbWljIjp0cnVlLCJjb250ZW50IjoicG9zdF9saW5rX3VybF9wYWdlIiwic2V0dGluZ3MiOnsicG9zdF9pZCI6IjcxODkifX0=@&#8221; button_text=&#8221;GET TO KNOW OUR ARCHAEOLOGICAL SITE&#8221; button_alignment=&#8221;center&#8221; admin_label=&#8221;BOT\u00d3N YACIMIENTO&#8221; _builder_version=&#8221;4.21.0&#8243; _dynamic_attributes=&#8221;button_url&#8221; custom_button=&#8221;on&#8221; button_text_size=&#8221;14px&#8221; custom_margin=&#8221;15px||15px||false|false&#8221; global_colors_info=&#8221;{}&#8221;][\/et_pb_button][\/et_pb_column][et_pb_column type=&#8221;1_2&#8243; module_class=&#8221;ds-vertical-align &#8221; _builder_version=&#8221;4.16&#8243; background_enable_color=&#8221;off&#8221; global_colors_info=&#8221;{}&#8221;][et_pb_gallery gallery_ids=&#8221;1641&#8243; fullwidth=&#8221;on&#8221; admin_label=&#8221;GALERIA FINCA 2&#8243; _builder_version=&#8221;4.16&#8243; auto=&#8221;on&#8221; auto_speed=&#8221;3000&#8243; global_colors_info=&#8221;{}&#8221;][\/et_pb_gallery][\/et_pb_column][\/et_pb_row][et_pb_row column_structure=&#8221;1_2,1_2&#8243; use_custom_gutter=&#8221;on&#8221; gutter_width=&#8221;1&#8243; make_equal=&#8221;on&#8221; module_class=&#8221;franjas_ajustadas&#8221; _builder_version=&#8221;4.16&#8243; background_color=&#8221;#f4f1e9&#8243; width=&#8221;100%&#8221; animation_style=&#8221;fade&#8221; global_colors_info=&#8221;{}&#8221;][et_pb_column type=&#8221;1_2&#8243; module_class=&#8221;ds-vertical-align &#8221; _builder_version=&#8221;4.16&#8243; global_colors_info=&#8221;{}&#8221;][et_pb_gallery gallery_ids=&#8221;1658,1659&#8243; fullwidth=&#8221;on&#8221; admin_label=&#8221;GALERIA FINCA 3&#8243; _builder_version=&#8221;4.21.0&#8243; auto=&#8221;on&#8221; auto_speed=&#8221;3000&#8243; global_colors_info=&#8221;{}&#8221;][\/et_pb_gallery][\/et_pb_column][et_pb_column type=&#8221;1_2&#8243; module_class=&#8221;ds-vertical-align &#8221; _builder_version=&#8221;4.16&#8243; background_color=&#8221;#f4f1e9&#8243; global_colors_info=&#8221;{}&#8221;][et_pb_text admin_label=&#8221;TEXTO BODEGA 3&#8243; _builder_version=&#8221;4.21.0&#8243; background_enable_color=&#8221;off&#8221; text_orientation=&#8221;center&#8221; width=&#8221;70%&#8221; width_tablet=&#8221;&#8221; width_phone=&#8221;&#8221; width_last_edited=&#8221;on|phone&#8221; module_alignment=&#8221;center&#8221; global_colors_info=&#8221;{}&#8221;]<\/p>\n<p>All our wines and oils are certified organic, vegan and kosher. Among our jewels, the Fondill\u00f3n de Alicante. It is a generous and exceptional wine that only 10 wineries in Alicante produce in the world. One of them is Bodegas Francisco G\u00f3mez.<\/p>\n<p>[\/et_pb_text][et_pb_button button_url=&#8221;https:\/\/www.bodegasfranciscogomez.es\/en\/shop&#8221; button_text=&#8221;GET TO KNOW OUR PRODUCTS&#8221; button_alignment=&#8221;center&#8221; admin_label=&#8221;BOT\u00d3N tienda&#8221; _builder_version=&#8221;4.21.0&#8243; custom_button=&#8221;on&#8221; button_text_size=&#8221;14px&#8221; custom_margin=&#8221;15px||15px||false|false&#8221; global_colors_info=&#8221;{}&#8221;][\/et_pb_button][\/et_pb_column][\/et_pb_row][et_pb_row use_custom_gutter=&#8221;on&#8221; gutter_width=&#8221;1&#8243; make_equal=&#8221;on&#8221; _builder_version=&#8221;4.16&#8243; background_image=&#8221;https:\/\/www.bodegasfranciscogomez.es\/wp-content\/uploads\/2020\/04\/ft_finca.jpg&#8221; width=&#8221;100%&#8221; min_height_tablet=&#8221;100%&#8221; min_height_phone=&#8221;100%&#8221; min_height_last_edited=&#8221;on|phone&#8221; height=&#8221;650px&#8221; height_tablet=&#8221;100%&#8221; height_phone=&#8221;100%&#8221; height_last_edited=&#8221;on|phone&#8221; max_height_tablet=&#8221;100%&#8221; max_height_phone=&#8221;100%&#8221; max_height_last_edited=&#8221;on|phone&#8221; animation_style=&#8221;fade&#8221; link_option_url=&#8221;https:\/\/www.bodegasfranciscogomez.es\/nuestro-yacimiento\/&#8221; global_colors_info=&#8221;{}&#8221;][et_pb_column type=&#8221;4_4&#8243; module_class=&#8221;ds-vertical-align&#8221; _builder_version=&#8221;4.16&#8243; global_colors_info=&#8221;{}&#8221;][et_pb_text admin_label=&#8221;texto &#8211; Descubre uno de nuestros tesoros&#8230;&#8221; _builder_version=&#8221;4.21.0&#8243; _dynamic_attributes=&#8221;link_option_url&#8221; text_font=&#8221;||||||||&#8221; text_font_size=&#8221;20px&#8221; header_3_font=&#8221;PT Serif||on||||||&#8221; header_3_font_size=&#8221;27px&#8221; background_enable_image=&#8221;off&#8221; text_orientation=&#8221;center&#8221; background_layout=&#8221;dark&#8221; module_alignment=&#8221;center&#8221; link_option_url=&#8221;@ET-DC@eyJkeW5hbWljIjp0cnVlLCJjb250ZW50IjoicG9zdF9saW5rX3VybF9wYWdlIiwic2V0dGluZ3MiOnsicG9zdF9pZCI6IjcxODkifX0=@&#8221; global_colors_info=&#8221;{}&#8221;]<\/p>\n<h2><span style=\"font-size: 32px;\"><em>Discover one of our treasures&#8230;<\/em><\/span><\/h2>\n<p>THE ARCHAEOLOGICAL SITE<\/p>\n<p>[\/et_pb_text][\/et_pb_column][\/et_pb_row][\/et_pb_section]<\/p>\n","protected":false},"excerpt":{"rendered":"<p>Bodegas Francisco G\u00f3mez is located in La Serrata, between the Sierras del Castellar and El Serruch\u00f3n. It is located 9 kilometres southwest of Villena, in the Alto Vinalop\u00f3 region, in the Mediterranean hinterland. The valley itself forms a barrier that marks the boundaries of the property&#8217;s 3.500 hectares. The 620 metres of altitude where this [&hellip;]<\/p>\n","protected":false},"author":1,"featured_media":0,"parent":0,"menu_order":0,"comment_status":"closed","ping_status":"closed","template":"","meta":{"_acf_changed":false,"_et_pb_use_builder":"on","_et_pb_old_content":"","_et_gb_content_width":"","footnotes":""},"class_list":["post-7207","page","type-page","status-publish","hentry"],"acf":[],"yoast_head":"<!-- This site is optimized with the Yoast SEO plugin v27.1.1 - https:\/\/yoast.com\/product\/yoast-seo-wordpress\/ -->\n<title>OUR STATE - BODEGAS FRANCISCO G\u00d3MEZ<\/title>\n<meta name=\"robots\" content=\"index, follow, max-snippet:-1, max-image-preview:large, max-video-preview:-1\" \/>\n<link rel=\"canonical\" href=\"https:\/\/www.bodegasfranciscogomez.es\/en\/our-state\/\" \/>\n<meta property=\"og:locale\" content=\"en_US\" \/>\n<meta property=\"og:type\" content=\"article\" \/>\n<meta property=\"og:title\" content=\"OUR STATE - BODEGAS FRANCISCO G\u00d3MEZ\" \/>\n<meta property=\"og:description\" content=\"Bodegas Francisco G\u00f3mez is located in La Serrata, between the Sierras del Castellar and El Serruch\u00f3n. It is located 9 kilometres southwest of Villena, in the Alto Vinalop\u00f3 region, in the Mediterranean hinterland. The valley itself forms a barrier that marks the boundaries of the property&#039;s 3.500 hectares. The 620 metres of altitude where this [&hellip;]\" \/>\n<meta property=\"og:url\" content=\"https:\/\/www.bodegasfranciscogomez.es\/en\/our-state\/\" \/>\n<meta property=\"og:site_name\" content=\"BODEGAS FRANCISCO G\u00d3MEZ\" \/>\n<meta property=\"article:modified_time\" content=\"2023-06-28T09:21:53+00:00\" \/>\n<meta name=\"twitter:card\" content=\"summary_large_image\" \/>\n<meta name=\"twitter:label1\" content=\"Est. reading time\" \/>\n\t<meta name=\"twitter:data1\" content=\"3 minutes\" \/>\n<script type=\"application\/ld+json\" class=\"yoast-schema-graph\">{\"@context\":\"https:\/\/schema.org\",\"@graph\":[{\"@type\":\"WebPage\",\"@id\":\"https:\/\/www.bodegasfranciscogomez.es\/en\/our-state\/\",\"url\":\"https:\/\/www.bodegasfranciscogomez.es\/en\/our-state\/\",\"name\":\"OUR STATE - BODEGAS FRANCISCO G\u00d3MEZ\",\"isPartOf\":{\"@id\":\"https:\/\/www.bodegasfranciscogomez.es\/en\/#website\"},\"datePublished\":\"2020-02-13T14:53:39+00:00\",\"dateModified\":\"2023-06-28T09:21:53+00:00\",\"breadcrumb\":{\"@id\":\"https:\/\/www.bodegasfranciscogomez.es\/en\/our-state\/#breadcrumb\"},\"inLanguage\":\"en-US\",\"potentialAction\":[{\"@type\":\"ReadAction\",\"target\":[\"https:\/\/www.bodegasfranciscogomez.es\/en\/our-state\/\"]}]},{\"@type\":\"BreadcrumbList\",\"@id\":\"https:\/\/www.bodegasfranciscogomez.es\/en\/our-state\/#breadcrumb\",\"itemListElement\":[{\"@type\":\"ListItem\",\"position\":1,\"name\":\"Portada\",\"item\":\"https:\/\/www.bodegasfranciscogomez.es\/en\/\"},{\"@type\":\"ListItem\",\"position\":2,\"name\":\"OUR STATE\"}]},{\"@type\":\"WebSite\",\"@id\":\"https:\/\/www.bodegasfranciscogomez.es\/en\/#website\",\"url\":\"https:\/\/www.bodegasfranciscogomez.es\/en\/\",\"name\":\"BODEGAS FRANCISCO G\u00d3MEZ\",\"description\":\"Vino y Aceite de Oliva Virgen Extra\",\"potentialAction\":[{\"@type\":\"SearchAction\",\"target\":{\"@type\":\"EntryPoint\",\"urlTemplate\":\"https:\/\/www.bodegasfranciscogomez.es\/en\/?s={search_term_string}\"},\"query-input\":{\"@type\":\"PropertyValueSpecification\",\"valueRequired\":true,\"valueName\":\"search_term_string\"}}],\"inLanguage\":\"en-US\"}]}<\/script>\n<!-- \/ Yoast SEO plugin. -->","yoast_head_json":{"title":"OUR STATE - BODEGAS FRANCISCO G\u00d3MEZ","robots":{"index":"index","follow":"follow","max-snippet":"max-snippet:-1","max-image-preview":"max-image-preview:large","max-video-preview":"max-video-preview:-1"},"canonical":"https:\/\/www.bodegasfranciscogomez.es\/en\/our-state\/","og_locale":"en_US","og_type":"article","og_title":"OUR STATE - BODEGAS FRANCISCO G\u00d3MEZ","og_description":"Bodegas Francisco G\u00f3mez is located in La Serrata, between the Sierras del Castellar and El Serruch\u00f3n. It is located 9 kilometres southwest of Villena, in the Alto Vinalop\u00f3 region, in the Mediterranean hinterland. The valley itself forms a barrier that marks the boundaries of the property's 3.500 hectares. The 620 metres of altitude where this [&hellip;]","og_url":"https:\/\/www.bodegasfranciscogomez.es\/en\/our-state\/","og_site_name":"BODEGAS FRANCISCO G\u00d3MEZ","article_modified_time":"2023-06-28T09:21:53+00:00","twitter_card":"summary_large_image","twitter_misc":{"Est. reading time":"3 minutes"},"schema":{"@context":"https:\/\/schema.org","@graph":[{"@type":"WebPage","@id":"https:\/\/www.bodegasfranciscogomez.es\/en\/our-state\/","url":"https:\/\/www.bodegasfranciscogomez.es\/en\/our-state\/","name":"OUR STATE - BODEGAS FRANCISCO G\u00d3MEZ","isPartOf":{"@id":"https:\/\/www.bodegasfranciscogomez.es\/en\/#website"},"datePublished":"2020-02-13T14:53:39+00:00","dateModified":"2023-06-28T09:21:53+00:00","breadcrumb":{"@id":"https:\/\/www.bodegasfranciscogomez.es\/en\/our-state\/#breadcrumb"},"inLanguage":"en-US","potentialAction":[{"@type":"ReadAction","target":["https:\/\/www.bodegasfranciscogomez.es\/en\/our-state\/"]}]},{"@type":"BreadcrumbList","@id":"https:\/\/www.bodegasfranciscogomez.es\/en\/our-state\/#breadcrumb","itemListElement":[{"@type":"ListItem","position":1,"name":"Portada","item":"https:\/\/www.bodegasfranciscogomez.es\/en\/"},{"@type":"ListItem","position":2,"name":"OUR STATE"}]},{"@type":"WebSite","@id":"https:\/\/www.bodegasfranciscogomez.es\/en\/#website","url":"https:\/\/www.bodegasfranciscogomez.es\/en\/","name":"BODEGAS FRANCISCO G\u00d3MEZ","description":"Vino y Aceite de Oliva Virgen Extra","potentialAction":[{"@type":"SearchAction","target":{"@type":"EntryPoint","urlTemplate":"https:\/\/www.bodegasfranciscogomez.es\/en\/?s={search_term_string}"},"query-input":{"@type":"PropertyValueSpecification","valueRequired":true,"valueName":"search_term_string"}}],"inLanguage":"en-US"}]}},"_links":{"self":[{"href":"https:\/\/www.bodegasfranciscogomez.es\/en\/wp-json\/wp\/v2\/pages\/7207","targetHints":{"allow":["GET"]}}],"collection":[{"href":"https:\/\/www.bodegasfranciscogomez.es\/en\/wp-json\/wp\/v2\/pages"}],"about":[{"href":"https:\/\/www.bodegasfranciscogomez.es\/en\/wp-json\/wp\/v2\/types\/page"}],"author":[{"embeddable":true,"href":"https:\/\/www.bodegasfranciscogomez.es\/en\/wp-json\/wp\/v2\/users\/1"}],"replies":[{"embeddable":true,"href":"https:\/\/www.bodegasfranciscogomez.es\/en\/wp-json\/wp\/v2\/comments?post=7207"}],"version-history":[{"count":9,"href":"https:\/\/www.bodegasfranciscogomez.es\/en\/wp-json\/wp\/v2\/pages\/7207\/revisions"}],"predecessor-version":[{"id":8583,"href":"https:\/\/www.bodegasfranciscogomez.es\/en\/wp-json\/wp\/v2\/pages\/7207\/revisions\/8583"}],"wp:attachment":[{"href":"https:\/\/www.bodegasfranciscogomez.es\/en\/wp-json\/wp\/v2\/media?parent=7207"}],"curies":[{"name":"wp","href":"https:\/\/api.w.org\/{rel}","templated":true}]}}