{"id":7199,"date":"2020-03-31T08:34:35","date_gmt":"2020-03-31T06:34:35","guid":{"rendered":"https:\/\/www.bodegasfranciscogomez.es\/almazara\/"},"modified":"2023-06-28T11:23:52","modified_gmt":"2023-06-28T09:23:52","slug":"olive-oil-press","status":"publish","type":"page","link":"https:\/\/www.bodegasfranciscogomez.es\/en\/olive-oil-press\/","title":{"rendered":"OLIVE OIL PRESS"},"content":{"rendered":"<p>[et_pb_section fb_built=&#8221;1&#8243; fullwidth=&#8221;on&#8221; _builder_version=&#8221;4.16&#8243; link_option_url=&#8221;#inicio&#8221; global_colors_info=&#8221;{}&#8221;][et_pb_fullwidth_header title=&#8221;OIL PRESS&#8221; subhead=&#8221;Extra virgin olive oil of the highest quality&#8230;&#8221; text_orientation=&#8221;center&#8221; module_class=&#8221;ds-vertical-align&#8221; _builder_version=&#8221;4.21.0&#8243; title_font=&#8221;Roboto||||||||&#8221; title_font_size=&#8221;40px&#8221; subhead_font=&#8221;PT Serif||on||||||&#8221; subhead_font_size=&#8221;22px&#8221; background_image=&#8221;https:\/\/www.bodegasfranciscogomez.es\/wp-content\/uploads\/2020\/04\/bn_almazara-a.jpg&#8221; min_height=&#8221;642px&#8221; min_height_tablet=&#8221;&#8221; min_height_phone=&#8221;&#8221; min_height_last_edited=&#8221;on|desktop&#8221; animation_style=&#8221;fade&#8221; global_colors_info=&#8221;{}&#8221;][\/et_pb_fullwidth_header][\/et_pb_section][et_pb_section fb_built=&#8221;1&#8243; module_id=&#8221;inicio&#8221; _builder_version=&#8221;4.16&#8243; global_colors_info=&#8221;{}&#8221;][et_pb_row module_class=&#8221;franjas_ajustadas&#8221; _builder_version=&#8221;4.16&#8243; custom_margin=&#8221;-2%||||false|false&#8221; animation_style=&#8221;fade&#8221; global_colors_info=&#8221;{}&#8221;][et_pb_column type=&#8221;4_4&#8243; _builder_version=&#8221;4.16&#8243; global_colors_info=&#8221;{}&#8221;][et_pb_text admin_label=&#8221;TEXTO 1&#8243; _builder_version=&#8221;4.21.0&#8243; text_orientation=&#8221;center&#8221; width=&#8221;60%&#8221; module_alignment=&#8221;center&#8221; custom_margin=&#8221;||1%||false|false&#8221; global_colors_info=&#8221;{}&#8221;]<\/p>\n<p>Alicante has been a producer and exporter of this precious liquid gold since the time of the Phoenicians. The Arabs already used the fruit of the olive and its juice for domestic, cosmetic and offering purposes. At Bodegas Francisco G\u00f3mez we continue this ancestral legacy; we want to show the world the culture of our land and its history.<\/p>\n<p>Our olives, of the arbequina, picual, grosal, chiquita and cornicabra varieties, come from our own 300 hectares of cultivation. Our private oil press has a capacity of one million kilos, and we produce exclusively extra virgin olive oil. Here we bottle all our production and launch it both nationally and internationally.<\/p>\n<p>[\/et_pb_text][\/et_pb_column][\/et_pb_row][et_pb_row use_custom_gutter=&#8221;on&#8221; gutter_width=&#8221;1&#8243; make_equal=&#8221;on&#8221; module_class=&#8221;franjas_ajustadas&#8221; _builder_version=&#8221;4.16&#8243; width=&#8221;100%&#8221; global_colors_info=&#8221;{}&#8221;][et_pb_column type=&#8221;4_4&#8243; _builder_version=&#8221;4.16&#8243; global_colors_info=&#8221;{}&#8221;][et_pb_image src=&#8221;https:\/\/www.bodegasfranciscogomez.es\/wp-content\/uploads\/2020\/04\/mariquita-d.png&#8221; force_fullwidth=&#8221;on&#8221; _builder_version=&#8221;4.16&#8243; custom_margin=&#8221;-4%||||false|false&#8221; global_colors_info=&#8221;{}&#8221;][\/et_pb_image][\/et_pb_column][\/et_pb_row][et_pb_row _builder_version=&#8221;4.16&#8243; custom_margin=&#8221;||1%||false|false&#8221; custom_padding=&#8221;||||false|false&#8221; global_colors_info=&#8221;{}&#8221;][et_pb_column type=&#8221;4_4&#8243; _builder_version=&#8221;4.16&#8243; global_colors_info=&#8221;{}&#8221;][et_pb_video src=&#8221;https:\/\/www.youtube.com\/watch?v=EvVc8OPgixw&#8221; image_src=&#8221;https:\/\/www.bodegasfranciscogomez.es\/wp-content\/uploads\/2020\/04\/v_almazara.jpg&#8221; thumbnail_overlay_color=&#8221;rgba(0,0,0,0.6)&#8221; _builder_version=&#8221;4.16&#8243; global_colors_info=&#8221;{}&#8221;][\/et_pb_video][\/et_pb_column][\/et_pb_row][et_pb_row column_structure=&#8221;1_2,1_2&#8243; use_custom_gutter=&#8221;on&#8221; gutter_width=&#8221;1&#8243; make_equal=&#8221;on&#8221; module_class=&#8221;franjas_ajustadas&#8221; _builder_version=&#8221;4.16&#8243; background_color=&#8221;#f4f1e9&#8243; width=&#8221;100%&#8221; animation_style=&#8221;fade&#8221; global_colors_info=&#8221;{}&#8221;][et_pb_column type=&#8221;1_2&#8243; module_class=&#8221;ds-vertical-align &#8221; _builder_version=&#8221;4.16&#8243; global_colors_info=&#8221;{}&#8221;][et_pb_gallery gallery_ids=&#8221;1664,1665&#8243; fullwidth=&#8221;on&#8221; admin_label=&#8221;GALERIA ALMAZARA 1&#8243; _builder_version=&#8221;4.16&#8243; auto=&#8221;on&#8221; auto_speed=&#8221;3000&#8243; global_colors_info=&#8221;{}&#8221;][\/et_pb_gallery][\/et_pb_column][et_pb_column type=&#8221;1_2&#8243; module_class=&#8221;ds-vertical-align &#8221; _builder_version=&#8221;4.16&#8243; background_color=&#8221;#f4f1e9&#8243; global_colors_info=&#8221;{}&#8221;][et_pb_text admin_label=&#8221;TEXTO ALMAZARA 1&#8243; _builder_version=&#8221;4.21.0&#8243; background_enable_color=&#8221;off&#8221; text_orientation=&#8221;center&#8221; width=&#8221;70%&#8221; width_tablet=&#8221;&#8221; width_phone=&#8221;&#8221; width_last_edited=&#8221;on|phone&#8221; module_alignment=&#8221;center&#8221; global_colors_info=&#8221;{}&#8221;]<\/p>\n<p>In our estate we have centenary olive trees, and in the highest part, millenary olive trees from which the farga variety is obtained. With its olives we make our most expressive extra virgin olive oil: King of Kings.<\/p>\n<p>En nuestra finca tenemos olivos centenarios, y en la parte m\u00e1s alta, olivos milenarios de los que se obtiene la variedad farga. Con su aceituna elaboramos nuestro aceite de oliva virgen extra de mayor expresividad: King of Kings.<\/p>\n<p>[\/et_pb_text][\/et_pb_column][\/et_pb_row][et_pb_row column_structure=&#8221;1_2,1_2&#8243; use_custom_gutter=&#8221;on&#8221; gutter_width=&#8221;1&#8243; make_equal=&#8221;on&#8221; module_class=&#8221;franjas_ajustadas&#8221; _builder_version=&#8221;4.16&#8243; background_color=&#8221;#8b863c&#8221; width=&#8221;100%&#8221; animation_style=&#8221;fade&#8221; global_colors_info=&#8221;{}&#8221;][et_pb_column type=&#8221;1_2&#8243; module_class=&#8221;ds-vertical-align &#8221; _builder_version=&#8221;4.16&#8243; global_colors_info=&#8221;{}&#8221;][et_pb_text admin_label=&#8221;TEXTO ALMAZARA 2&#8243; _builder_version=&#8221;4.21.0&#8243; background_enable_color=&#8221;off&#8221; text_orientation=&#8221;center&#8221; background_layout=&#8221;dark&#8221; width=&#8221;70%&#8221; width_tablet=&#8221;&#8221; width_phone=&#8221;&#8221; width_last_edited=&#8221;on|phone&#8221; module_alignment=&#8221;center&#8221; global_colors_info=&#8221;{}&#8221;]<\/p>\n<p>We start the harvesting campaign of our gourmet oils in the pre-summer period with the arbequina variety. At this stage, the olives are not yet ripe, and the yield is very low. However, their organoleptic properties remain intact, and their flavour is more intense. Then we continue with the rest of the varieties.<\/p>\n<p>It takes less than 24 hours from the time the olives are harvested until the juice is extracted. They are harvested green, using natural production processes and a cold extraction system. In this way, and with the care taken throughout the process, we obtain oils with an extraordinary appearance, aroma and flavour.<\/p>\n<p>[\/et_pb_text][\/et_pb_column][et_pb_column type=&#8221;1_2&#8243; module_class=&#8221;ds-vertical-align &#8221; _builder_version=&#8221;4.16&#8243; background_enable_color=&#8221;off&#8221; global_colors_info=&#8221;{}&#8221;][et_pb_gallery gallery_ids=&#8221;1666,1667,1668,1669&#8243; fullwidth=&#8221;on&#8221; admin_label=&#8221;GALERIA ALMAZARA 2&#8243; _builder_version=&#8221;4.16&#8243; auto=&#8221;on&#8221; auto_speed=&#8221;3000&#8243; global_colors_info=&#8221;{}&#8221;][\/et_pb_gallery][\/et_pb_column][\/et_pb_row][et_pb_row column_structure=&#8221;1_2,1_2&#8243; use_custom_gutter=&#8221;on&#8221; gutter_width=&#8221;1&#8243; make_equal=&#8221;on&#8221; module_class=&#8221;franjas_ajustadas&#8221; _builder_version=&#8221;4.16&#8243; background_color=&#8221;#f4f1e9&#8243; width=&#8221;100%&#8221; animation_style=&#8221;fade&#8221; global_colors_info=&#8221;{}&#8221;][et_pb_column type=&#8221;1_2&#8243; module_class=&#8221;ds-vertical-align &#8221; _builder_version=&#8221;4.16&#8243; global_colors_info=&#8221;{}&#8221;][et_pb_gallery gallery_ids=&#8221;1670,1671,1672,1673&#8243; fullwidth=&#8221;on&#8221; admin_label=&#8221;GALERIA ALMAZARA 3&#8243; _builder_version=&#8221;4.16&#8243; auto=&#8221;on&#8221; auto_speed=&#8221;3000&#8243; global_colors_info=&#8221;{}&#8221;][\/et_pb_gallery][\/et_pb_column][et_pb_column type=&#8221;1_2&#8243; module_class=&#8221;ds-vertical-align &#8221; _builder_version=&#8221;4.16&#8243; background_color=&#8221;#f4f1e9&#8243; global_colors_info=&#8221;{}&#8221;][et_pb_text admin_label=&#8221;TEXTO ALMAZARA 3&#8243; _builder_version=&#8221;4.21.0&#8243; background_enable_color=&#8221;off&#8221; text_orientation=&#8221;center&#8221; width=&#8221;70%&#8221; width_tablet=&#8221;&#8221; width_phone=&#8221;&#8221; width_last_edited=&#8221;on|phone&#8221; module_alignment=&#8221;center&#8221; global_colors_info=&#8221;{}&#8221;]<\/p>\n<p>All our work is carried out using organic and biodynamic cultivation techniques. This has enabled us to obtain organic, vegan and kosher certification for all our EVOOs.<\/p>\n<p>The kosher certification is the result of the implementation of a programme developed jointly with the Rabbinate of Madrid.\u202f This programme covers all aspects of food production, from ingredients to equipment. The Rabbinate has authorised Bodegas Francisco G\u00f3mez to stamp its products with the KOSHER PARVE seal. And this stamp certifies them as food fit for consumption according to the guidelines of the Jewish religion.<\/p>\n<p>Todo el trabajo lo realizamos aplicando t\u00e9cnicas de cultivo org\u00e1nico y biodin\u00e1mico. Esto nos ha permitido obtener la certificaci\u00f3n ecol\u00f3gica, vegana y kosher en todos nuestros AOVE.<\/p>\n<p><span data-contrast=\"auto\">La certificaci\u00f3n <\/span><span data-contrast=\"auto\">k<\/span><span data-contrast=\"auto\">osher obedece a la puesta en marcha de un programa <\/span><span data-contrast=\"auto\">desarrollado <\/span><span data-contrast=\"auto\">conjuntamente con el <\/span><span data-contrast=\"auto\">Rabinato<\/span><span data-contrast=\"auto\"> de Madrid.\u202f Este programa cubre todos los aspectos de la producci\u00f3n alimenticia, desde los ingredientes hasta el equipamiento<\/span><span data-contrast=\"auto\">. <\/span><span data-contrast=\"auto\">E<\/span><span data-contrast=\"auto\">l <\/span><span data-contrast=\"auto\">Rabinato<\/span><span data-contrast=\"auto\"> ha autorizado a Bodegas Francisco G\u00f3mez a estampar en sus productos el sello de KOSHER PARVE<\/span><span data-contrast=\"auto\">. <\/span><span data-contrast=\"auto\">Y e<\/span><span data-contrast=\"auto\">sta estampilla<\/span> <span data-contrast=\"auto\">los <\/span><span data-contrast=\"auto\">acredita <\/span><span data-contrast=\"auto\">como<\/span><span data-contrast=\"auto\"> alimentos <\/span><span data-contrast=\"auto\">aptos para el consumo seg\u00fan las directrices de la religi\u00f3n <\/span><span data-contrast=\"auto\">j<\/span><span data-contrast=\"auto\">ud\u00eda.<\/span><\/p>\n<p>[\/et_pb_text][et_pb_button button_url=&#8221;@ET-DC@eyJkeW5hbWljIjp0cnVlLCJjb250ZW50IjoicG9zdF9saW5rX3VybF9wYWdlIiwic2V0dGluZ3MiOnsicG9zdF9pZCI6IjQ2MSJ9fQ==@&#8221; button_text=&#8221;GET TO KNOW OUR OILS&#8221; button_alignment=&#8221;center&#8221; admin_label=&#8221;BOTON ACEITES&#8221; _builder_version=&#8221;4.21.0&#8243; _dynamic_attributes=&#8221;button_url&#8221; custom_button=&#8221;on&#8221; button_text_size=&#8221;14px&#8221; button_text_color=&#8221;#000000&#8243; button_bg_color=&#8221;#c8b68c&#8221; button_border_width=&#8221;0px&#8221; button_border_radius=&#8221;0px&#8221; custom_margin=&#8221;15px||15px||false|false&#8221; global_colors_info=&#8221;{}&#8221;][\/et_pb_button][\/et_pb_column][\/et_pb_row][et_pb_row use_custom_gutter=&#8221;on&#8221; gutter_width=&#8221;1&#8243; make_equal=&#8221;on&#8221; _builder_version=&#8221;4.21.0&#8243; _dynamic_attributes=&#8221;link_option_url&#8221; background_image=&#8221;https:\/\/www.bodegasfranciscogomez.es\/wp-content\/uploads\/2020\/04\/ft_almazara.jpg&#8221; width=&#8221;100%&#8221; min_height_tablet=&#8221;100%&#8221; min_height_phone=&#8221;100%&#8221; min_height_last_edited=&#8221;on|phone&#8221; height=&#8221;650px&#8221; height_tablet=&#8221;100%&#8221; height_phone=&#8221;100%&#8221; height_last_edited=&#8221;on|phone&#8221; max_height_tablet=&#8221;100%&#8221; max_height_phone=&#8221;100%&#8221; max_height_last_edited=&#8221;on|phone&#8221; animation_style=&#8221;fade&#8221; link_option_url=&#8221;@ET-DC@eyJkeW5hbWljIjp0cnVlLCJjb250ZW50IjoicG9zdF9saW5rX3VybF9wYWdlIiwic2V0dGluZ3MiOnsicG9zdF9pZCI6IjkifX0=@&#8221; global_colors_info=&#8221;{}&#8221;][et_pb_column type=&#8221;4_4&#8243; module_class=&#8221;ds-vertical-align&#8221; _builder_version=&#8221;4.16&#8243; global_colors_info=&#8221;{}&#8221;][et_pb_text admin_label=&#8221;texto &#8211; Aceites de m\u00e1xima calidad&#8221; _builder_version=&#8221;4.21.0&#8243; text_font=&#8221;||||||||&#8221; text_font_size=&#8221;20px&#8221; header_3_font=&#8221;PT Serif||on||||||&#8221; header_3_font_size=&#8221;27px&#8221; background_enable_image=&#8221;off&#8221; text_orientation=&#8221;center&#8221; background_layout=&#8221;dark&#8221; module_alignment=&#8221;center&#8221; link_option_url=&#8221;https:\/\/www.bodegasfranciscogomez.es\/tienda\/&#8221; global_colors_info=&#8221;{}&#8221;]<\/p>\n<h2><span style=\"font-size: 32px;\"><em>Top quality oils: do you want to get to know them?<\/em><\/span><\/h2>\n<p>VISIT OUR SHOP[\/et_pb_text][\/et_pb_column][\/et_pb_row][\/et_pb_section]<\/p>\n","protected":false},"excerpt":{"rendered":"<p>Alicante has been a producer and exporter of this precious liquid gold since the time of the Phoenicians. The Arabs already used the fruit of the olive and its juice for domestic, cosmetic and offering purposes. At Bodegas Francisco G\u00f3mez we continue this ancestral legacy; we want to show the world the culture of our [&hellip;]<\/p>\n","protected":false},"author":1,"featured_media":0,"parent":0,"menu_order":0,"comment_status":"closed","ping_status":"closed","template":"","meta":{"_acf_changed":false,"_et_pb_use_builder":"on","_et_pb_old_content":"","_et_gb_content_width":"","footnotes":""},"class_list":["post-7199","page","type-page","status-publish","hentry"],"acf":[],"yoast_head":"<!-- This site is optimized with the Yoast SEO plugin v27.1.1 - https:\/\/yoast.com\/product\/yoast-seo-wordpress\/ -->\n<title>OLIVE OIL PRESS - BODEGAS FRANCISCO G\u00d3MEZ<\/title>\n<meta name=\"robots\" content=\"index, follow, max-snippet:-1, max-image-preview:large, max-video-preview:-1\" \/>\n<link rel=\"canonical\" href=\"https:\/\/www.bodegasfranciscogomez.es\/en\/olive-oil-press\/\" \/>\n<meta property=\"og:locale\" content=\"en_US\" \/>\n<meta property=\"og:type\" content=\"article\" \/>\n<meta property=\"og:title\" content=\"OLIVE OIL PRESS - BODEGAS FRANCISCO G\u00d3MEZ\" \/>\n<meta property=\"og:description\" content=\"Alicante has been a producer and exporter of this precious liquid gold since the time of the Phoenicians. The Arabs already used the fruit of the olive and its juice for domestic, cosmetic and offering purposes. At Bodegas Francisco G\u00f3mez we continue this ancestral legacy; we want to show the world the culture of our [&hellip;]\" \/>\n<meta property=\"og:url\" content=\"https:\/\/www.bodegasfranciscogomez.es\/en\/olive-oil-press\/\" \/>\n<meta property=\"og:site_name\" content=\"BODEGAS FRANCISCO G\u00d3MEZ\" \/>\n<meta property=\"article:modified_time\" content=\"2023-06-28T09:23:52+00:00\" \/>\n<meta name=\"twitter:card\" content=\"summary_large_image\" \/>\n<meta name=\"twitter:label1\" content=\"Est. reading time\" \/>\n\t<meta name=\"twitter:data1\" content=\"4 minutes\" \/>\n<script type=\"application\/ld+json\" class=\"yoast-schema-graph\">{\"@context\":\"https:\/\/schema.org\",\"@graph\":[{\"@type\":\"WebPage\",\"@id\":\"https:\/\/www.bodegasfranciscogomez.es\/en\/olive-oil-press\/\",\"url\":\"https:\/\/www.bodegasfranciscogomez.es\/en\/olive-oil-press\/\",\"name\":\"OLIVE OIL PRESS - BODEGAS FRANCISCO G\u00d3MEZ\",\"isPartOf\":{\"@id\":\"https:\/\/www.bodegasfranciscogomez.es\/en\/#website\"},\"datePublished\":\"2020-03-31T06:34:35+00:00\",\"dateModified\":\"2023-06-28T09:23:52+00:00\",\"breadcrumb\":{\"@id\":\"https:\/\/www.bodegasfranciscogomez.es\/en\/olive-oil-press\/#breadcrumb\"},\"inLanguage\":\"en-US\",\"potentialAction\":[{\"@type\":\"ReadAction\",\"target\":[\"https:\/\/www.bodegasfranciscogomez.es\/en\/olive-oil-press\/\"]}]},{\"@type\":\"BreadcrumbList\",\"@id\":\"https:\/\/www.bodegasfranciscogomez.es\/en\/olive-oil-press\/#breadcrumb\",\"itemListElement\":[{\"@type\":\"ListItem\",\"position\":1,\"name\":\"Portada\",\"item\":\"https:\/\/www.bodegasfranciscogomez.es\/en\/\"},{\"@type\":\"ListItem\",\"position\":2,\"name\":\"OLIVE OIL PRESS\"}]},{\"@type\":\"WebSite\",\"@id\":\"https:\/\/www.bodegasfranciscogomez.es\/en\/#website\",\"url\":\"https:\/\/www.bodegasfranciscogomez.es\/en\/\",\"name\":\"BODEGAS FRANCISCO G\u00d3MEZ\",\"description\":\"Vino y Aceite de Oliva Virgen Extra\",\"potentialAction\":[{\"@type\":\"SearchAction\",\"target\":{\"@type\":\"EntryPoint\",\"urlTemplate\":\"https:\/\/www.bodegasfranciscogomez.es\/en\/?s={search_term_string}\"},\"query-input\":{\"@type\":\"PropertyValueSpecification\",\"valueRequired\":true,\"valueName\":\"search_term_string\"}}],\"inLanguage\":\"en-US\"}]}<\/script>\n<!-- \/ Yoast SEO plugin. -->","yoast_head_json":{"title":"OLIVE OIL PRESS - BODEGAS FRANCISCO G\u00d3MEZ","robots":{"index":"index","follow":"follow","max-snippet":"max-snippet:-1","max-image-preview":"max-image-preview:large","max-video-preview":"max-video-preview:-1"},"canonical":"https:\/\/www.bodegasfranciscogomez.es\/en\/olive-oil-press\/","og_locale":"en_US","og_type":"article","og_title":"OLIVE OIL PRESS - BODEGAS FRANCISCO G\u00d3MEZ","og_description":"Alicante has been a producer and exporter of this precious liquid gold since the time of the Phoenicians. The Arabs already used the fruit of the olive and its juice for domestic, cosmetic and offering purposes. At Bodegas Francisco G\u00f3mez we continue this ancestral legacy; we want to show the world the culture of our [&hellip;]","og_url":"https:\/\/www.bodegasfranciscogomez.es\/en\/olive-oil-press\/","og_site_name":"BODEGAS FRANCISCO G\u00d3MEZ","article_modified_time":"2023-06-28T09:23:52+00:00","twitter_card":"summary_large_image","twitter_misc":{"Est. reading time":"4 minutes"},"schema":{"@context":"https:\/\/schema.org","@graph":[{"@type":"WebPage","@id":"https:\/\/www.bodegasfranciscogomez.es\/en\/olive-oil-press\/","url":"https:\/\/www.bodegasfranciscogomez.es\/en\/olive-oil-press\/","name":"OLIVE OIL PRESS - BODEGAS FRANCISCO G\u00d3MEZ","isPartOf":{"@id":"https:\/\/www.bodegasfranciscogomez.es\/en\/#website"},"datePublished":"2020-03-31T06:34:35+00:00","dateModified":"2023-06-28T09:23:52+00:00","breadcrumb":{"@id":"https:\/\/www.bodegasfranciscogomez.es\/en\/olive-oil-press\/#breadcrumb"},"inLanguage":"en-US","potentialAction":[{"@type":"ReadAction","target":["https:\/\/www.bodegasfranciscogomez.es\/en\/olive-oil-press\/"]}]},{"@type":"BreadcrumbList","@id":"https:\/\/www.bodegasfranciscogomez.es\/en\/olive-oil-press\/#breadcrumb","itemListElement":[{"@type":"ListItem","position":1,"name":"Portada","item":"https:\/\/www.bodegasfranciscogomez.es\/en\/"},{"@type":"ListItem","position":2,"name":"OLIVE OIL PRESS"}]},{"@type":"WebSite","@id":"https:\/\/www.bodegasfranciscogomez.es\/en\/#website","url":"https:\/\/www.bodegasfranciscogomez.es\/en\/","name":"BODEGAS FRANCISCO G\u00d3MEZ","description":"Vino y Aceite de Oliva Virgen Extra","potentialAction":[{"@type":"SearchAction","target":{"@type":"EntryPoint","urlTemplate":"https:\/\/www.bodegasfranciscogomez.es\/en\/?s={search_term_string}"},"query-input":{"@type":"PropertyValueSpecification","valueRequired":true,"valueName":"search_term_string"}}],"inLanguage":"en-US"}]}},"_links":{"self":[{"href":"https:\/\/www.bodegasfranciscogomez.es\/en\/wp-json\/wp\/v2\/pages\/7199","targetHints":{"allow":["GET"]}}],"collection":[{"href":"https:\/\/www.bodegasfranciscogomez.es\/en\/wp-json\/wp\/v2\/pages"}],"about":[{"href":"https:\/\/www.bodegasfranciscogomez.es\/en\/wp-json\/wp\/v2\/types\/page"}],"author":[{"embeddable":true,"href":"https:\/\/www.bodegasfranciscogomez.es\/en\/wp-json\/wp\/v2\/users\/1"}],"replies":[{"embeddable":true,"href":"https:\/\/www.bodegasfranciscogomez.es\/en\/wp-json\/wp\/v2\/comments?post=7199"}],"version-history":[{"count":7,"href":"https:\/\/www.bodegasfranciscogomez.es\/en\/wp-json\/wp\/v2\/pages\/7199\/revisions"}],"predecessor-version":[{"id":8587,"href":"https:\/\/www.bodegasfranciscogomez.es\/en\/wp-json\/wp\/v2\/pages\/7199\/revisions\/8587"}],"wp:attachment":[{"href":"https:\/\/www.bodegasfranciscogomez.es\/en\/wp-json\/wp\/v2\/media?parent=7199"}],"curies":[{"name":"wp","href":"https:\/\/api.w.org\/{rel}","templated":true}]}}