{"id":7193,"date":"2020-03-31T09:37:27","date_gmt":"2020-03-31T07:37:27","guid":{"rendered":"https:\/\/www.bodegasfranciscogomez.es\/fondillon-de-alicante\/"},"modified":"2023-06-22T14:17:24","modified_gmt":"2023-06-22T12:17:24","slug":"fondillon-of-alicante","status":"publish","type":"page","link":"https:\/\/www.bodegasfranciscogomez.es\/en\/fondillon-of-alicante\/","title":{"rendered":"FONDILL\u00d3N OF ALICANTE"},"content":{"rendered":"<p>[et_pb_section fb_built=&#8221;1&#8243; fullwidth=&#8221;on&#8221; _builder_version=&#8221;4.16&#8243; link_option_url=&#8221;#inicio&#8221; global_colors_info=&#8221;{}&#8221;][et_pb_fullwidth_header title=&#8221;FONDILL\u00d3N OF ALICANTE&#8221; subhead=&#8221;The great treasure of our winery. <BR>A fortified wine unique in the world&#8230;&#8221; text_orientation=&#8221;center&#8221; module_class=&#8221;ds-vertical-align&#8221; _builder_version=&#8221;4.21.0&#8243; title_font=&#8221;Roboto||||||||&#8221; title_text_color=&#8221;#000000&#8243; title_font_size=&#8221;40px&#8221; subhead_font=&#8221;PT Serif||on||||||&#8221; subhead_font_size=&#8221;22px&#8221; background_image=&#8221;https:\/\/www.bodegasfranciscogomez.es\/wp-content\/uploads\/2020\/05\/bn_fondillon.jpg&#8221; background_layout=&#8221;light&#8221; min_height=&#8221;642px&#8221; min_height_tablet=&#8221;&#8221; min_height_phone=&#8221;&#8221; min_height_last_edited=&#8221;on|desktop&#8221; animation_style=&#8221;fade&#8221; global_colors_info=&#8221;{}&#8221;][\/et_pb_fullwidth_header][\/et_pb_section][et_pb_section fb_built=&#8221;1&#8243; module_id=&#8221;inicio&#8221; _builder_version=&#8221;4.16&#8243; global_colors_info=&#8221;{}&#8221;][et_pb_row _builder_version=&#8221;4.16&#8243; custom_margin=&#8221;-3%||||false|false&#8221; animation_style=&#8221;fade&#8221; global_colors_info=&#8221;{}&#8221;][et_pb_column type=&#8221;4_4&#8243; _builder_version=&#8221;4.16&#8243; global_colors_info=&#8221;{}&#8221;][et_pb_text _builder_version=&#8221;4.21.0&#8243; text_orientation=&#8221;center&#8221; global_colors_info=&#8221;{}&#8221;]<\/p>\n<h2><em>Fondill\u00f3n <em data-mce-fragment=\"1\">o<\/em><em data-mce-fragment=\"1\">f<\/em>\u200b Alicante<br \/><\/em><\/h2>\n<p>[\/et_pb_text][et_pb_text admin_label=&#8221;TEXTO 1&#8243; _builder_version=&#8221;4.21.0&#8243; text_orientation=&#8221;center&#8221; width=&#8221;60%&#8221; module_alignment=&#8221;center&#8221; global_colors_info=&#8221;{}&#8221;]<\/p>\n<p>It was the first wine to have its own name, even before others such as Sherry, Port or Champagne. It has such an extraordinary and peculiar personality that it has passed through the tables of kings and illustrious figures in history. It has always been the most sought-after wine of them all; a unique jewel that has survived to the present day.<\/p>\n<p>There are countless historical testimonies that this top-class wine has left us. There are records dating back to 1498 of Monastrell red wines from Alicante, which were undoubtedly the origin of Fondill\u00f3n. In the 15th century it was a much sought-after wine. It was part of great expeditions such as the first round-the-world voyage of Ferdinand Magellan and Juan Sebastian Elcano. On this voyage, Fondill\u00f3n prevented the crew from suffering from scurvy, thanks to its high vitamin C content.<\/p>\n<p>It was also very popular at the court of Ferdinand the Catholic and in the salons of Louis XIV. Shakespeare, Miguel de Cervantes and Emilio Salgari mention it in some of their works. References can also be found in Alexandre Dumas&#8217; The Count of Monte Cristo and Daniel Defoe&#8217;s Robinson Crusoe.<\/p>\n<p>Fondill\u00f3n is a historic wine, recognised by the European Union and with special protection in the Alicante DO.<\/p>\n<p>[\/et_pb_text][et_pb_video src=&#8221;https:\/\/youtu.be\/ViDOgp4Apdo&#8221; image_src=&#8221;https:\/\/www.bodegasfranciscogomez.es\/wp-content\/uploads\/2020\/05\/v_fondillon.jpg&#8221; thumbnail_overlay_color=&#8221;rgba(0,0,0,0.6)&#8221; _builder_version=&#8221;4.16&#8243; global_colors_info=&#8221;{}&#8221;][\/et_pb_video][\/et_pb_column][\/et_pb_row][et_pb_row _builder_version=&#8221;4.16&#8243; custom_margin=&#8221;||||false|false&#8221; animation_style=&#8221;fade&#8221; global_colors_info=&#8221;{}&#8221;][et_pb_column type=&#8221;4_4&#8243; _builder_version=&#8221;4.16&#8243; global_colors_info=&#8221;{}&#8221;][et_pb_text _builder_version=&#8221;4.21.0&#8243; text_orientation=&#8221;center&#8221; global_colors_info=&#8221;{}&#8221;]<\/p>\n<h2><em>How is Fondill\u00f3n produced?<\/em><\/h2>\n<p>[\/et_pb_text][et_pb_text admin_label=&#8221;TEXTO 2&#8243; _builder_version=&#8221;4.21.0&#8243; text_orientation=&#8221;center&#8221; width=&#8221;60%&#8221; module_alignment=&#8221;center&#8221; global_colors_info=&#8221;{}&#8221;]<\/p>\n<p>This exceptional product can only be produced by less than 10 wineries in Alicante, worldwide and exclusively. That is why it is a real privilege for us to be among them.<\/p>\n<p>The name &#8220;fondo&#8221; or &#8220;fondillo&#8221; comes from the long ageing time in the cellars that this wine needs to be produced. Because of this longevity, the winemakers placed the barrels at the back of the cellar. After the minimum 10 years of ageing, they were taken out.<\/p>\n<p>[\/et_pb_text][\/et_pb_column][\/et_pb_row][et_pb_row column_structure=&#8221;3_5,2_5&#8243; use_custom_gutter=&#8221;on&#8221; gutter_width=&#8221;2&#8243; make_equal=&#8221;on&#8221; _builder_version=&#8221;4.16&#8243; width=&#8221;100%&#8221; custom_margin=&#8221;||||false|false&#8221; animation_style=&#8221;fade&#8221; global_colors_info=&#8221;{}&#8221;][et_pb_column type=&#8221;3_5&#8243; module_class=&#8221;ds-vertical-align&#8221; _builder_version=&#8221;4.16&#8243; global_colors_info=&#8221;{}&#8221;][et_pb_image src=&#8221;https:\/\/www.bodegasfranciscogomez.es\/wp-content\/uploads\/2020\/05\/fondillon_01-1.jpg&#8221; title_text=&#8221;FONDILL\u00d3N&#8221; url=&#8221;@ET-DC@eyJkeW5hbWljIjp0cnVlLCJjb250ZW50IjoicG9zdF9saW5rX3VybF9wcm9kdWN0Iiwic2V0dGluZ3MiOnsicG9zdF9pZCI6IjczODkifX0=@&#8221; force_fullwidth=&#8221;on&#8221; admin_label=&#8221;IMAGEN &#8211; QUO VADIS 3&#8243; _builder_version=&#8221;4.21.0&#8243; _dynamic_attributes=&#8221;url&#8221; global_colors_info=&#8221;{}&#8221;][\/et_pb_image][\/et_pb_column][et_pb_column type=&#8221;2_5&#8243; module_class=&#8221;ds-vertical-align&#8221; _builder_version=&#8221;4.16&#8243; global_colors_info=&#8221;{}&#8221;][et_pb_text admin_label=&#8221;TEXTO &#8211; BOTON &#8211; QUO VADIS 3&#8243; _builder_version=&#8221;4.21.0&#8243; _dynamic_attributes=&#8221;link_option_url&#8221; header_3_text_color=&#8221;#000000&#8243; width=&#8221;70%&#8221; module_alignment=&#8221;left&#8221; link_option_url=&#8221;@ET-DC@eyJkeW5hbWljIjp0cnVlLCJjb250ZW50IjoicG9zdF9saW5rX3VybF9wcm9kdWN0Iiwic2V0dGluZ3MiOnsicG9zdF9pZCI6IjE0NSJ9fQ==@&#8221; hover_enabled=&#8221;0&#8243; global_colors_info=&#8221;{}&#8221; sticky_enabled=&#8221;0&#8243;]<\/p>\n<p>This red wine is made only with Monastrell grapes and in vintages of exceptional quality. That is, only in years when the climate favours over-ripening of the grapes on the vine. This over-ripening produces wines with high alcoholic strength, which must be at least 16%. The yeast begins its fermentation and when it finishes it usually leaves traces of sugars, giving it that characteristic sweet touch.<\/p>\n<h3>\u00a0<\/h3>\n<h3><em>Do you want to get to know it better?<\/em><\/h3>\n<div>\u00a0<\/div>\n<div class=\"et_pb_button_module_wrapper et_pb_button_0_wrapper et_pb_button_alignment_left et_pb_module \"><a class=\"et_pb_button et_pb_button_0 et_pb_bg_layout_light\" href=\"https:\/\/www.bodegasfranciscogomez.es\/en\/producto\/quo-vadis-fondillon-solera-1972\/\"> GO TO THE TASTING NOTE<\/a><\/div>\n<p>[\/et_pb_text][et_pb_button button_url=&#8221;https:\/\/www.bodegasfranciscogomez.es\/producto\/quo-vadis-fondillon-solera-1972\/&#8221; button_text=&#8221;IR A LA FICHA&#8221; button_alignment=&#8221;left&#8221; disabled_on=&#8221;on|on|on&#8221; _builder_version=&#8221;4.16&#8243; disabled=&#8221;on&#8221; global_colors_info=&#8221;{}&#8221;][\/et_pb_button][\/et_pb_column][\/et_pb_row][et_pb_row column_structure=&#8221;1_3,1_3,1_3&#8243; use_custom_gutter=&#8221;on&#8221; gutter_width=&#8221;1&#8243; make_equal=&#8221;on&#8221; _builder_version=&#8221;4.16&#8243; background_image=&#8221;https:\/\/www.bodegasfranciscogomez.es\/wp-content\/uploads\/2020\/05\/fondillon_02-1.jpg&#8221; width=&#8221;100%&#8221; min_height_tablet=&#8221;100%&#8221; min_height_phone=&#8221;100%&#8221; min_height_last_edited=&#8221;on|phone&#8221; height=&#8221;650px&#8221; height_tablet=&#8221;100%&#8221; height_phone=&#8221;100%&#8221; height_last_edited=&#8221;on|phone&#8221; max_height_tablet=&#8221;100%&#8221; max_height_phone=&#8221;100%&#8221; max_height_last_edited=&#8221;on|phone&#8221; animation_style=&#8221;fade&#8221; global_colors_info=&#8221;{}&#8221;][et_pb_column type=&#8221;1_3&#8243; module_class=&#8221;ds-vertical-align&#8221; _builder_version=&#8221;4.16&#8243; global_colors_info=&#8221;{}&#8221;][\/et_pb_column][et_pb_column type=&#8221;1_3&#8243; module_class=&#8221;ds-vertical-align&#8221; _builder_version=&#8221;4.16&#8243; global_colors_info=&#8221;{}&#8221;][et_pb_text admin_label=&#8221;TEXTO &#8211; Los vi\u00f1edos donde&#8230; 4&#8243; _builder_version=&#8221;4.21.0&#8243; text_font=&#8221;||||||||&#8221; header_3_font=&#8221;PT Serif||on||||||&#8221; header_3_font_size=&#8221;27px&#8221; background_enable_image=&#8221;off&#8221; text_orientation=&#8221;center&#8221; background_layout=&#8221;dark&#8221; width=&#8221;100%&#8221; module_alignment=&#8221;center&#8221; global_colors_info=&#8221;{}&#8221;]<\/p>\n<p>The vineyards where these grapes are grown are very old and have been caressed by the warm air of the Mare Nostrum. For the production of Fondill\u00f3n only patience and care can turn this wine into a real jewel.<\/p>\n<p>The ageing of our Fondillones is carried out in the traditional way following the solera system and aged for over 40 years. The blend of older grapes with newer ones gives this wine a great richness.<\/p>\n<p>[\/et_pb_text][\/et_pb_column][et_pb_column type=&#8221;1_3&#8243; module_class=&#8221;ds-vertical-align&#8221; _builder_version=&#8221;4.16&#8243; global_colors_info=&#8221;{}&#8221;][\/et_pb_column][\/et_pb_row][et_pb_row column_structure=&#8221;3_5,2_5&#8243; use_custom_gutter=&#8221;on&#8221; gutter_width=&#8221;2&#8243; make_equal=&#8221;on&#8221; module_class=&#8221;franjas_ajustadas&#8221; _builder_version=&#8221;4.16&#8243; width=&#8221;100%&#8221; custom_margin=&#8221;||||false|false&#8221; animation_style=&#8221;fade&#8221; global_colors_info=&#8221;{}&#8221;][et_pb_column type=&#8221;3_5&#8243; module_class=&#8221;ds-vertical-align&#8221; _builder_version=&#8221;4.16&#8243; global_colors_info=&#8221;{}&#8221;][et_pb_image src=&#8221;https:\/\/www.bodegasfranciscogomez.es\/wp-content\/uploads\/2023\/06\/fondillon-scaled.jpg&#8221; title_text=&#8221;FONDILL\u00d3N&#8221; url=&#8221;@ET-DC@eyJkeW5hbWljIjp0cnVlLCJjb250ZW50IjoicG9zdF9saW5rX3VybF9wcm9kdWN0Iiwic2V0dGluZ3MiOnsicG9zdF9pZCI6IjE0NSJ9fQ==@&#8221; force_fullwidth=&#8221;on&#8221; admin_label=&#8221;IMAGEN &#8211; FONDILLON 5&#8243; _builder_version=&#8221;4.21.0&#8243; _dynamic_attributes=&#8221;url&#8221; global_colors_info=&#8221;{}&#8221;][\/et_pb_image][\/et_pb_column][et_pb_column type=&#8221;2_5&#8243; module_class=&#8221;ds-vertical-align&#8221; _builder_version=&#8221;4.16&#8243; global_colors_info=&#8221;{}&#8221;][et_pb_text admin_label=&#8221;TEXTO &#8211; FONDILLON 5&#8243; _builder_version=&#8221;4.21.0&#8243; width=&#8221;70%&#8221; module_alignment=&#8221;left&#8221; global_colors_info=&#8221;{}&#8221;]<\/p>\n<p>\u200bAt Bodegas Francisco G\u00f3mez we have a <strong>1988 solera<\/strong> and a special <strong>1972<\/strong> <strong>solera<\/strong>.<strong> This makes us one of the few wineries in the world to offer this exclusive <\/strong><\/p>\n<p><strong>TASTING NOTE<\/strong><\/p>\n<p>This is a full-bodied, mahogany-coloured wine with copper and amber highlights, denoting its maturity.<\/p>\n<p>The nose is powerful, complex and distinctive with aromas of dried fruits, jam, dates and very ripe fruit.<\/p>\n<p>The palate is soft and warm with hints of figs and sultanas. It has a long, pleasantly spicy finish of noble old wood.<\/p>\n<p><strong>Quo Vadis Solera from 1972 and Pago FG Solera from 1988<\/strong> show the legacy of the best vintages of Monastrell from Alicante.<\/p>\n<p>It is ideal on its own, as an aperitif or with cured cheeses, salted meats or foie gras. Also, with desserts to enhance sweets, pastries, nougat or ice cream.<\/p>\n<p>&nbsp;<\/p>\n<p>&nbsp;<\/p>\n<p>[\/et_pb_text][\/et_pb_column][\/et_pb_row][et_pb_row use_custom_gutter=&#8221;on&#8221; gutter_width=&#8221;1&#8243; make_equal=&#8221;on&#8221; _builder_version=&#8221;4.21.0&#8243; _dynamic_attributes=&#8221;link_option_url&#8221; background_image=&#8221;https:\/\/www.bodegasfranciscogomez.es\/wp-content\/uploads\/2020\/05\/ft_fondillon.jpg&#8221; width=&#8221;100%&#8221; min_height_tablet=&#8221;100%&#8221; min_height_phone=&#8221;100%&#8221; min_height_last_edited=&#8221;on|phone&#8221; height=&#8221;650px&#8221; height_tablet=&#8221;100%&#8221; height_phone=&#8221;100%&#8221; height_last_edited=&#8221;on|phone&#8221; max_height_tablet=&#8221;100%&#8221; max_height_phone=&#8221;100%&#8221; max_height_last_edited=&#8221;on|phone&#8221; animation_style=&#8221;fade&#8221; link_option_url=&#8221;@ET-DC@eyJkeW5hbWljIjp0cnVlLCJjb250ZW50IjoicG9zdF9saW5rX3VybF9wYWdlIiwic2V0dGluZ3MiOnsicG9zdF9pZCI6IjcyMDgifX0=@&#8221; global_colors_info=&#8221;{}&#8221;][et_pb_column type=&#8221;4_4&#8243; module_class=&#8221;ds-vertical-align&#8221; _builder_version=&#8221;4.16&#8243; global_colors_info=&#8221;{}&#8221;][et_pb_text admin_label=&#8221;TEXTO &#8211; \u00bfConoces todos nuestros vinos?&#8221; _builder_version=&#8221;4.21.0&#8243; text_font=&#8221;||||||||&#8221; text_font_size=&#8221;20px&#8221; header_3_font=&#8221;PT Serif||on||||||&#8221; header_3_font_size=&#8221;27px&#8221; background_enable_image=&#8221;off&#8221; text_orientation=&#8221;center&#8221; background_layout=&#8221;dark&#8221; module_alignment=&#8221;center&#8221; global_colors_info=&#8221;{}&#8221;]<\/p>\n<h2><span style=\"font-size: 32px;\"><em>Do you want to get to know all our wines?<\/em><\/span><\/h2>\n<p>COME IN AND DISCOVER THEM<\/p>\n<p>[\/et_pb_text][\/et_pb_column][\/et_pb_row][\/et_pb_section]<\/p>\n","protected":false},"excerpt":{"rendered":"<p>Fondill\u00f3n of\u200b AlicanteIt was the first wine to have its own name, even before others such as Sherry, Port or Champagne. It has such an extraordinary and peculiar personality that it has passed through the tables of kings and illustrious figures in history. It has always been the most sought-after wine of them all; a [&hellip;]<\/p>\n","protected":false},"author":1,"featured_media":0,"parent":0,"menu_order":0,"comment_status":"closed","ping_status":"closed","template":"","meta":{"_acf_changed":false,"_et_pb_use_builder":"on","_et_pb_old_content":"","_et_gb_content_width":"","footnotes":""},"class_list":["post-7193","page","type-page","status-publish","hentry"],"acf":[],"yoast_head":"<!-- This site is optimized with the Yoast SEO plugin v27.1.1 - https:\/\/yoast.com\/product\/yoast-seo-wordpress\/ -->\n<title>FONDILL\u00d3N OF ALICANTE - BODEGAS FRANCISCO G\u00d3MEZ<\/title>\n<meta name=\"robots\" content=\"index, follow, max-snippet:-1, max-image-preview:large, max-video-preview:-1\" \/>\n<link rel=\"canonical\" href=\"https:\/\/www.bodegasfranciscogomez.es\/en\/fondillon-of-alicante\/\" \/>\n<meta property=\"og:locale\" content=\"en_US\" \/>\n<meta property=\"og:type\" content=\"article\" \/>\n<meta property=\"og:title\" content=\"FONDILL\u00d3N OF ALICANTE - BODEGAS FRANCISCO G\u00d3MEZ\" \/>\n<meta property=\"og:description\" content=\"Fondill\u00f3n of\u200b AlicanteIt was the first wine to have its own name, even before others such as Sherry, Port or Champagne. It has such an extraordinary and peculiar personality that it has passed through the tables of kings and illustrious figures in history. It has always been the most sought-after wine of them all; a [&hellip;]\" \/>\n<meta property=\"og:url\" content=\"https:\/\/www.bodegasfranciscogomez.es\/en\/fondillon-of-alicante\/\" \/>\n<meta property=\"og:site_name\" content=\"BODEGAS FRANCISCO G\u00d3MEZ\" \/>\n<meta property=\"article:modified_time\" content=\"2023-06-22T12:17:24+00:00\" \/>\n<meta name=\"twitter:card\" content=\"summary_large_image\" \/>\n<meta name=\"twitter:label1\" content=\"Est. reading time\" \/>\n\t<meta name=\"twitter:data1\" content=\"4 minutes\" \/>\n<script type=\"application\/ld+json\" class=\"yoast-schema-graph\">{\"@context\":\"https:\/\/schema.org\",\"@graph\":[{\"@type\":\"WebPage\",\"@id\":\"https:\/\/www.bodegasfranciscogomez.es\/en\/fondillon-of-alicante\/\",\"url\":\"https:\/\/www.bodegasfranciscogomez.es\/en\/fondillon-of-alicante\/\",\"name\":\"FONDILL\u00d3N OF ALICANTE - BODEGAS FRANCISCO G\u00d3MEZ\",\"isPartOf\":{\"@id\":\"https:\/\/www.bodegasfranciscogomez.es\/en\/#website\"},\"datePublished\":\"2020-03-31T07:37:27+00:00\",\"dateModified\":\"2023-06-22T12:17:24+00:00\",\"breadcrumb\":{\"@id\":\"https:\/\/www.bodegasfranciscogomez.es\/en\/fondillon-of-alicante\/#breadcrumb\"},\"inLanguage\":\"en-US\",\"potentialAction\":[{\"@type\":\"ReadAction\",\"target\":[\"https:\/\/www.bodegasfranciscogomez.es\/en\/fondillon-of-alicante\/\"]}]},{\"@type\":\"BreadcrumbList\",\"@id\":\"https:\/\/www.bodegasfranciscogomez.es\/en\/fondillon-of-alicante\/#breadcrumb\",\"itemListElement\":[{\"@type\":\"ListItem\",\"position\":1,\"name\":\"Portada\",\"item\":\"https:\/\/www.bodegasfranciscogomez.es\/en\/\"},{\"@type\":\"ListItem\",\"position\":2,\"name\":\"FONDILL\u00d3N OF ALICANTE\"}]},{\"@type\":\"WebSite\",\"@id\":\"https:\/\/www.bodegasfranciscogomez.es\/en\/#website\",\"url\":\"https:\/\/www.bodegasfranciscogomez.es\/en\/\",\"name\":\"BODEGAS FRANCISCO G\u00d3MEZ\",\"description\":\"Vino y Aceite de Oliva Virgen Extra\",\"potentialAction\":[{\"@type\":\"SearchAction\",\"target\":{\"@type\":\"EntryPoint\",\"urlTemplate\":\"https:\/\/www.bodegasfranciscogomez.es\/en\/?s={search_term_string}\"},\"query-input\":{\"@type\":\"PropertyValueSpecification\",\"valueRequired\":true,\"valueName\":\"search_term_string\"}}],\"inLanguage\":\"en-US\"}]}<\/script>\n<!-- \/ Yoast SEO plugin. -->","yoast_head_json":{"title":"FONDILL\u00d3N OF ALICANTE - BODEGAS FRANCISCO G\u00d3MEZ","robots":{"index":"index","follow":"follow","max-snippet":"max-snippet:-1","max-image-preview":"max-image-preview:large","max-video-preview":"max-video-preview:-1"},"canonical":"https:\/\/www.bodegasfranciscogomez.es\/en\/fondillon-of-alicante\/","og_locale":"en_US","og_type":"article","og_title":"FONDILL\u00d3N OF ALICANTE - BODEGAS FRANCISCO G\u00d3MEZ","og_description":"Fondill\u00f3n of\u200b AlicanteIt was the first wine to have its own name, even before others such as Sherry, Port or Champagne. It has such an extraordinary and peculiar personality that it has passed through the tables of kings and illustrious figures in history. It has always been the most sought-after wine of them all; a [&hellip;]","og_url":"https:\/\/www.bodegasfranciscogomez.es\/en\/fondillon-of-alicante\/","og_site_name":"BODEGAS FRANCISCO G\u00d3MEZ","article_modified_time":"2023-06-22T12:17:24+00:00","twitter_card":"summary_large_image","twitter_misc":{"Est. reading time":"4 minutes"},"schema":{"@context":"https:\/\/schema.org","@graph":[{"@type":"WebPage","@id":"https:\/\/www.bodegasfranciscogomez.es\/en\/fondillon-of-alicante\/","url":"https:\/\/www.bodegasfranciscogomez.es\/en\/fondillon-of-alicante\/","name":"FONDILL\u00d3N OF ALICANTE - BODEGAS FRANCISCO G\u00d3MEZ","isPartOf":{"@id":"https:\/\/www.bodegasfranciscogomez.es\/en\/#website"},"datePublished":"2020-03-31T07:37:27+00:00","dateModified":"2023-06-22T12:17:24+00:00","breadcrumb":{"@id":"https:\/\/www.bodegasfranciscogomez.es\/en\/fondillon-of-alicante\/#breadcrumb"},"inLanguage":"en-US","potentialAction":[{"@type":"ReadAction","target":["https:\/\/www.bodegasfranciscogomez.es\/en\/fondillon-of-alicante\/"]}]},{"@type":"BreadcrumbList","@id":"https:\/\/www.bodegasfranciscogomez.es\/en\/fondillon-of-alicante\/#breadcrumb","itemListElement":[{"@type":"ListItem","position":1,"name":"Portada","item":"https:\/\/www.bodegasfranciscogomez.es\/en\/"},{"@type":"ListItem","position":2,"name":"FONDILL\u00d3N OF ALICANTE"}]},{"@type":"WebSite","@id":"https:\/\/www.bodegasfranciscogomez.es\/en\/#website","url":"https:\/\/www.bodegasfranciscogomez.es\/en\/","name":"BODEGAS FRANCISCO G\u00d3MEZ","description":"Vino y Aceite de Oliva Virgen Extra","potentialAction":[{"@type":"SearchAction","target":{"@type":"EntryPoint","urlTemplate":"https:\/\/www.bodegasfranciscogomez.es\/en\/?s={search_term_string}"},"query-input":{"@type":"PropertyValueSpecification","valueRequired":true,"valueName":"search_term_string"}}],"inLanguage":"en-US"}]}},"_links":{"self":[{"href":"https:\/\/www.bodegasfranciscogomez.es\/en\/wp-json\/wp\/v2\/pages\/7193","targetHints":{"allow":["GET"]}}],"collection":[{"href":"https:\/\/www.bodegasfranciscogomez.es\/en\/wp-json\/wp\/v2\/pages"}],"about":[{"href":"https:\/\/www.bodegasfranciscogomez.es\/en\/wp-json\/wp\/v2\/types\/page"}],"author":[{"embeddable":true,"href":"https:\/\/www.bodegasfranciscogomez.es\/en\/wp-json\/wp\/v2\/users\/1"}],"replies":[{"embeddable":true,"href":"https:\/\/www.bodegasfranciscogomez.es\/en\/wp-json\/wp\/v2\/comments?post=7193"}],"version-history":[{"count":8,"href":"https:\/\/www.bodegasfranciscogomez.es\/en\/wp-json\/wp\/v2\/pages\/7193\/revisions"}],"predecessor-version":[{"id":7978,"href":"https:\/\/www.bodegasfranciscogomez.es\/en\/wp-json\/wp\/v2\/pages\/7193\/revisions\/7978"}],"wp:attachment":[{"href":"https:\/\/www.bodegasfranciscogomez.es\/en\/wp-json\/wp\/v2\/media?parent=7193"}],"curies":[{"name":"wp","href":"https:\/\/api.w.org\/{rel}","templated":true}]}}