{"id":7190,"date":"2020-04-06T11:45:56","date_gmt":"2020-04-06T10:45:56","guid":{"rendered":"https:\/\/www.bodegasfranciscogomez.es\/contacto-y-horarios\/"},"modified":"2025-05-09T12:11:54","modified_gmt":"2025-05-09T11:11:54","slug":"contacto-y-horarios","status":"publish","type":"page","link":"https:\/\/www.bodegasfranciscogomez.es\/en\/contacto-y-horarios\/","title":{"rendered":"CONTACTO Y HORARIOS"},"content":{"rendered":"<p>[et_pb_section fb_built=&#8221;1&#8243; fullwidth=&#8221;on&#8221; _builder_version=&#8221;4.16&#8243; global_colors_info=&#8221;{}&#8221;][et_pb_fullwidth_map google_api_key=&#8221;AIzaSyBM2_P_81inUXESXGiDIFBaimNk9s2Ee54&#8243; address=&#8221;Ctra. Villena \u2013 Pinoso, Km 8.8, 03400 Villena, Alicante, Espa\u00f1a&#8221; zoom_level=&#8221;13&#8243; address_lat=&#8221;38.584586712281&#8243; address_lng=&#8221;-0.94764529580078&#8243; _builder_version=&#8221;4.16&#8243; global_colors_info=&#8221;{}&#8221;][et_pb_map_pin title=&#8221;BODEGAS FRANCISCO G\u00d3MEZ&#8221; pin_address=&#8221;Unnamed Road, 03409, 03409, Alicante, Espa\u00f1a&#8221; zoom_level=&#8221;19&#8243; pin_address_lat=&#8221;38.582601156014&#8243; pin_address_lng=&#8221;-0.9443703185936&#8243; _builder_version=&#8221;4.8.1&#8243; global_colors_info=&#8221;{}&#8221;]<\/p>\n<p>Ctra. Villena \u2013 Pinoso (CV-813) Km. 8.8.<br \/> Villena (Alicante). Espa\u00f1a<\/p>\n<p>[\/et_pb_map_pin][\/et_pb_fullwidth_map][\/et_pb_section][et_pb_section fb_built=&#8221;1&#8243; _builder_version=&#8221;4.16&#8243; global_colors_info=&#8221;{}&#8221;][et_pb_row column_structure=&#8221;1_2,1_2&#8243; _builder_version=&#8221;4.16&#8243; global_colors_info=&#8221;{}&#8221;][et_pb_column type=&#8221;1_2&#8243; _builder_version=&#8221;4.16&#8243; global_colors_info=&#8221;{}&#8221;][et_pb_text _builder_version=&#8221;4.16&#8243; global_colors_info=&#8221;{}&#8221;]<\/p>\n<h2>CONTACTO<\/h2>\n<p>[\/et_pb_text][et_pb_text _builder_version=&#8221;4.16&#8243; global_colors_info=&#8221;{}&#8221;]<\/p>\n<p><strong>TEL\u00c9FONOS<\/strong><br \/>965 97 91 95 \u2013 965 97 95 55<br \/>Fax: 965 97 91 96<\/p>\n<p><strong>RECEPCI\u00d3N<\/strong><br \/><a href=\"mailto:info@bodegasfranciscogomez.es\">info@bodegasfranciscogomez.es<\/a><\/p>\n<p><strong>ADMINISTRACI\u00d3N<\/strong><br \/><a href=\"mailto:admon@bodegasfranciscogomez.es\">admon@bodegasfranciscogomez.es<\/a><\/p>\n<p><strong>BODEGA Y ALMAZARA<\/strong><br \/><a href=\"mailto:bodega@bodegasfranciscogomez.es\">bodega@bodegasfranciscogomez.es<\/a><\/p>\n<p><strong>EXPORTACI\u00d3N<\/strong><br \/><a href=\"mailto:export@bodegasfranciscogomez.es\">export@bodegasfranciscogomez.es<\/a><\/p>\n<p><strong>DPTO. VENTAS NACIONAL<\/strong><br \/><a href=\"mailto:antonio.gazquez@bodegasfranciscogomez.es\">antonio.gazquez@bodegasfranciscogomez.es\u00a0<\/a><\/p>\n<p><strong>ENOTURISMO Y EVENTOS<\/strong><br \/><a href=\"mailto:enoturismo@bodegasfranciscogomez.es\">enoturismo@bodegasfranciscogomez.es\u00a0<\/a><\/p>\n<p><strong>TIENDA DE BODEGA Y TIENDA ON-LINE<\/strong><br \/><a href=\"mailto:tienda@bodegasfranciscogomez.es\">tienda@bodegasfranciscogomez.es<\/a><\/p>\n<p>[\/et_pb_text][et_pb_text admin_label=&#8221;Texto&#8221; _builder_version=&#8221;4.16&#8243; global_colors_info=&#8221;{}&#8221;]<\/p>\n<p><strong>Direcci\u00f3n:<\/strong> Ctra. Villena \u2013 Pinoso (CV-813) Km. 8.8. Villena (Alicante). Espa\u00f1a.<br \/><strong>Coordenadas GPS:<\/strong> Latitud 38\u00ba 34\u2019 57\u2019\u2019 N (norte). Longitud 0\u00ba 56\u2019 47\u2019\u2019 W (oeste).<br \/><strong>Coordenadas UTM:<\/strong> Huso UTM 30. Coord. X 678.878m. Coord. Y 4.272.446m<\/p>\n<p>[\/et_pb_text][\/et_pb_column][et_pb_column type=&#8221;1_2&#8243; _builder_version=&#8221;4.16&#8243; global_colors_info=&#8221;{}&#8221;][et_pb_text _builder_version=&#8221;4.27.4&#8243; _module_preset=&#8221;default&#8221; global_colors_info=&#8221;{}&#8221;]<\/p>\n<h2>CONTACTAR<\/h2>\n<p>[\/et_pb_text][et_pb_text disabled_on=&#8221;off|off|off&#8221; admin_label=&#8221;FORMULARIO ABIERTO&#8221; _builder_version=&#8221;4.27.4&#8243; display_conditions=&#8221;W3siaWQiOiIwMjViYzE0MC00NmFkLTQ2YzAtOGU4OS1hODBkYTQ5MjNkNmUiLCJjb25kaXRpb24iOiJkYXRlVGltZSIsImNvbmRpdGlvblNldHRpbmdzIjp7ImRpc3BsYXlSdWxlIjoiaXNCZWZvcmUiLCJkYXRlIjoiMjAyMy0wNS0wOSIsInRpbWUiOiIwMDowMCIsIndlZWtkYXlzIjoifCIsImFsbERheSI6Im9uIiwiZnJvbVRpbWUiOiIwMDowMCIsInVudGlsVGltZSI6IjAwOjAwIiwicmVwZWF0Ijoib2ZmIiwicmVwZWF0RnJlcXVlbmN5IjoibW9udGhseSIsInJlcGVhdEZyZXF1ZW5jeVNwZWNpZmljRGF5cyI6IndlZWtseSIsInJlcGVhdEVuZCI6Im5ldmVyIiwicmVwZWF0VW50aWxEYXRlIjoiMjAyMy01LTgiLCJyZXBlYXRUaW1lcyI6IjMiLCJhZG1pbkxhYmVsIjoiRmVjaGEgeSBob3JhIiwiZW5hYmxlQ29uZGl0aW9uIjoib24ifSwib3BlcmF0b3IiOiJPUiJ9LHsiaWQiOiI5MTU1M2U2My05MTIyLTRkMmQtOGYxMi01OGQ0NzNlOWM4OTYiLCJjb25kaXRpb24iOiJkYXRlVGltZSIsImNvbmRpdGlvblNldHRpbmdzIjp7ImRpc3BsYXlSdWxlIjoiaXNBZnRlciIsImRhdGUiOiIyMDIzLTA1LTEyIiwidGltZSI6IjAwOjAwIiwid2Vla2RheXMiOiJ8IiwiYWxsRGF5Ijoib24iLCJmcm9tVGltZSI6IjAwOjAwIiwidW50aWxUaW1lIjoiMDA6MDAiLCJyZXBlYXQiOiJvZmYiLCJyZXBlYXRGcmVxdWVuY3kiOiJtb250aGx5IiwicmVwZWF0RnJlcXVlbmN5U3BlY2lmaWNEYXlzIjoid2Vla2x5IiwicmVwZWF0RW5kIjoibmV2ZXIiLCJyZXBlYXRVbnRpbERhdGUiOiIyMDIzLTUtOCIsInJlcGVhdFRpbWVzIjoiMyIsImFkbWluTGFiZWwiOiJGZWNoYSB5IGhvcmEiLCJlbmFibGVDb25kaXRpb24iOiJvbiJ9LCJvcGVyYXRvciI6Ik9SIn1d&#8221; hover_enabled=&#8221;0&#8243; global_colors_info=&#8221;{}&#8221; custom_margin=&#8221;0px||||false|false&#8221; custom_padding=&#8221;0px||||false|false&#8221; sticky_enabled=&#8221;0&#8243;]<\/p>\n\n<div class=\"wpcf7 no-js\" id=\"wpcf7-f7767-o1\" lang=\"en-US\" dir=\"ltr\" data-wpcf7-id=\"7767\">\n<div class=\"screen-reader-response\"><p role=\"status\" aria-live=\"polite\" aria-atomic=\"true\"><\/p> <ul><\/ul><\/div>\n<form action=\"\/en\/wp-json\/wp\/v2\/pages\/7190#wpcf7-f7767-o1\" method=\"post\" class=\"wpcf7-form init wpcf7-acceptance-as-validation\" aria-label=\"Contact form\" novalidate=\"novalidate\" data-status=\"init\">\n<fieldset class=\"hidden-fields-container\"><input type=\"hidden\" name=\"_wpcf7\" value=\"7767\" \/><input type=\"hidden\" name=\"_wpcf7_version\" value=\"6.1.5\" \/><input type=\"hidden\" name=\"_wpcf7_locale\" value=\"en_US\" \/><input type=\"hidden\" name=\"_wpcf7_unit_tag\" value=\"wpcf7-f7767-o1\" \/><input type=\"hidden\" name=\"_wpcf7_container_post\" value=\"0\" \/><input type=\"hidden\" name=\"_wpcf7_posted_data_hash\" value=\"\" \/><input type=\"hidden\" name=\"_wpcf7_recaptcha_response\" value=\"\" \/>\n<\/fieldset>\n<div class=\"et_pb_contact\">\n\t<div class=\"et_pb_contact_form\">\n\t\t<p  class=\"et_pb_contact_field et_pb_contact_field_last\"><br \/>\n<label> Name *<br \/>\n<span class=\"wpcf7-form-control-wrap\" data-name=\"your-name\"><input size=\"40\" maxlength=\"400\" class=\"wpcf7-form-control wpcf7-text wpcf7-validates-as-required\" aria-required=\"true\" aria-invalid=\"false\" value=\"\" type=\"text\" name=\"your-name\" \/><\/span> <\/label>\n\t\t<\/p>\n\t\t<p class=\"et_pb_contact_field et_pb_contact_field_half\"><br \/>\n<label> Email *<br \/>\n<span class=\"wpcf7-form-control-wrap\" data-name=\"your-email\"><input size=\"40\" maxlength=\"400\" class=\"wpcf7-form-control wpcf7-email wpcf7-validates-as-required wpcf7-text wpcf7-validates-as-email\" aria-required=\"true\" aria-invalid=\"false\" value=\"\" type=\"email\" name=\"your-email\" \/><\/span> <\/label>\n\t\t<\/p>\n\t\t<p class=\"et_pb_contact_field et_pb_contact_field_half et_pb_contact_field_last\"><br \/>\n<label> Subject<br \/>\n<span class=\"wpcf7-form-control-wrap\" data-name=\"your-subject\"><input size=\"40\" maxlength=\"400\" class=\"wpcf7-form-control wpcf7-text\" aria-invalid=\"false\" value=\"\" type=\"text\" name=\"your-subject\" \/><\/span> <\/label>\n\t\t<\/p>\n\t\t<p class=\"et_pb_contact_field et_pb_contact_field_last\"><br \/>\n<label> Message<br \/>\n<span class=\"wpcf7-form-control-wrap\" data-name=\"your-message\"><textarea cols=\"40\" rows=\"10\" maxlength=\"2000\" class=\"wpcf7-form-control wpcf7-textarea\" aria-invalid=\"false\" name=\"your-message\"><\/textarea><\/span> <\/label>\n\t\t<\/p>\n\t<\/div>\n<\/div>\n<p><span class=\"wpcf7-form-control-wrap\" data-name=\"acceptance-842\"><span class=\"wpcf7-form-control wpcf7-acceptance\"><span class=\"wpcf7-list-item\"><label><input type=\"checkbox\" name=\"acceptance-842\" value=\"1\" aria-invalid=\"false\" \/><span class=\"wpcf7-list-item-label\">I have read and accept the <a href=\"https:\/\/www.bodegasfranciscogomez.es\/avisos-legales\/\">Privacy Policy<\/a>.<\/span><\/label><\/span><\/span><\/span>\n<\/p>\n<p><span class=\"wpcf7-form-control-wrap\" data-name=\"acceptance-576\"><span class=\"wpcf7-form-control wpcf7-acceptance optional\"><span class=\"wpcf7-list-item\"><label><input type=\"checkbox\" name=\"acceptance-576\" value=\"1\" aria-invalid=\"false\" \/><span class=\"wpcf7-list-item-label\">Yes, I would like to receive sales and marketing information<\/span><\/label><\/span><\/span><\/span>\n<\/p>\n<div class=\"et_contact_bottom_container\">\n\t<p><input class=\"wpcf7-form-control wpcf7-submit has-spinner et_pb_contact_submit et_pb_button\" type=\"submit\" value=\"Submit\" \/>\n\t<\/p>\n<\/div><div class=\"wpcf7-response-output\" aria-hidden=\"true\"><\/div>\n<\/form>\n<\/div>\n\n<p>[\/et_pb_text][et_pb_text disabled_on=&#8221;on|on|on&#8221; admin_label=&#8221;FORMULARIO CERRADO&#8221; _builder_version=&#8221;4.20.4&#8243; _module_preset=&#8221;default&#8221; display_conditions=&#8221;W3siaWQiOiJmODUyNTM3Zi1jOGZlLTRlNTQtYThmNS1hMzdjOTIyNjRlMTQiLCJjb25kaXRpb24iOiJkYXRlVGltZSIsImNvbmRpdGlvblNldHRpbmdzIjp7ImRpc3BsYXlSdWxlIjoiaXNBZnRlciIsImRhdGUiOiIyMDIzLTUtOCIsInRpbWUiOiIwMDowMCIsIndlZWtkYXlzIjoifCIsImFsbERheSI6Im9uIiwiZnJvbVRpbWUiOiIwMDowMCIsInVudGlsVGltZSI6IjAwOjAwIiwicmVwZWF0Ijoib2ZmIiwicmVwZWF0RnJlcXVlbmN5IjoibW9udGhseSIsInJlcGVhdEZyZXF1ZW5jeVNwZWNpZmljRGF5cyI6IndlZWtseSIsInJlcGVhdEVuZCI6Im5ldmVyIiwicmVwZWF0VW50aWxEYXRlIjoiMjAyMy01LTgiLCJyZXBlYXRUaW1lcyI6IjMiLCJhZG1pbkxhYmVsIjoiRmVjaGEgeSBob3JhIiwiZW5hYmxlQ29uZGl0aW9uIjoib24ifSwib3BlcmF0b3IiOiJPUiJ9LHsiaWQiOiJiODczMWY2NC04MGVjLTRkNmEtYTY5NS0xZjZlNGEwZmQ2YmUiLCJjb25kaXRpb24iOiJkYXRlVGltZSIsImNvbmRpdGlvblNldHRpbmdzIjp7ImRpc3BsYXlSdWxlIjoiaXNCZWZvcmUiLCJkYXRlIjoiMjAyMy0wNS0xMyIsInRpbWUiOiIwMDowMCIsIndlZWtkYXlzIjoifCIsImFsbERheSI6Im9uIiwiZnJvbVRpbWUiOiIwMDowMCIsInVudGlsVGltZSI6IjAwOjAwIiwicmVwZWF0Ijoib2ZmIiwicmVwZWF0RnJlcXVlbmN5IjoibW9udGhseSIsInJlcGVhdEZyZXF1ZW5jeVNwZWNpZmljRGF5cyI6IndlZWtseSIsInJlcGVhdEVuZCI6Im5ldmVyIiwicmVwZWF0VW50aWxEYXRlIjoiMjAyMy01LTgiLCJyZXBlYXRUaW1lcyI6IjMiLCJhZG1pbkxhYmVsIjoiRmVjaGEgeSBob3JhIiwiZW5hYmxlQ29uZGl0aW9uIjoib24ifSwib3BlcmF0b3IiOiJPUiJ9XQ==&#8221; disabled=&#8221;on&#8221; global_colors_info=&#8221;{}&#8221;]<\/p>\n<p><strong>Reserve su visita llamando al <\/strong><a href=\"tel:965 979 555\"><strong>965 979 555<\/strong><\/a><br \/><strong>Book your tour calling to <\/strong><a href=\"tel:+34 965 979 555\"><strong> (+34) 965 979 555<\/strong><\/a><\/p>\n<p>[\/et_pb_text][\/et_pb_column][\/et_pb_row][et_pb_row _builder_version=&#8221;4.16&#8243; global_colors_info=&#8221;{}&#8221;][et_pb_column type=&#8221;4_4&#8243; _builder_version=&#8221;4.16&#8243; global_colors_info=&#8221;{}&#8221;][et_pb_text _builder_version=&#8221;4.16&#8243; header_text_align=&#8221;center&#8221; text_orientation=&#8221;center&#8221; global_colors_info=&#8221;{}&#8221;]<\/p>\n<h2>HORARIOS<\/h2>\n<p>[\/et_pb_text][\/et_pb_column][\/et_pb_row][et_pb_row column_structure=&#8221;1_2,1_2&#8243; _builder_version=&#8221;4.16&#8243; global_colors_info=&#8221;{}&#8221;][et_pb_column type=&#8221;1_2&#8243; _builder_version=&#8221;4.16&#8243; global_colors_info=&#8221;{}&#8221;][et_pb_text _builder_version=&#8221;4.27.4&#8243; global_colors_info=&#8221;{}&#8221;]<\/p>\n<p><strong>OFICINA<br \/><\/strong><\/p>\n<p>Lunes a viernes: 8.30h a 14h; 15h a 17.30h<\/p>\n<p><strong>TIENDA<br \/><\/strong><\/p>\n<p>De lunes a viernes: 8.30h a 14h; 15h a 17.30h<br \/>Mi\u00e9rcoles tarde: cerrado.<br \/>S\u00e1bados y domingos: de 10h a 14h<br \/>Del 1 de julio al 15 de septiembre: domingos cerrados.<\/p>\n<p>[\/et_pb_text][\/et_pb_column][et_pb_column type=&#8221;1_2&#8243; _builder_version=&#8221;4.16&#8243; global_colors_info=&#8221;{}&#8221;][et_pb_text _builder_version=&#8221;4.27.4&#8243; global_colors_info=&#8221;{}&#8221;]<\/p>\n<p><strong>VISITAS<\/strong><\/p>\n<p>IMPRESCINDIBLE RESERVA PREVIA<\/p>\n<p>Lunes a viernes: visitas a las 10h, 11h, 12h y 15h<br \/>S\u00e1bados y domingos: visitas a las 10h y 12h<br \/>Del 1 de julio al 15 de septiembre: domingos cerrados.<\/p>\n<p>[\/et_pb_text][\/et_pb_column][\/et_pb_row][\/et_pb_section]<\/p>\n","protected":false},"excerpt":{"rendered":"<p>Ctra. Villena \u2013 Pinoso (CV-813) Km. 8.8. Villena (Alicante). Espa\u00f1aCONTACTOTEL\u00c9FONOS965 97 91 95 \u2013 965 97 95 55Fax: 965 97 91 96 RECEPCI\u00d3Ninfo@bodegasfranciscogomez.es ADMINISTRACI\u00d3Nadmon@bodegasfranciscogomez.es BODEGA Y ALMAZARAbodega@bodegasfranciscogomez.es EXPORTACI\u00d3Nexport@bodegasfranciscogomez.es DPTO. VENTAS NACIONALantonio.gazquez@bodegasfranciscogomez.es\u00a0 ENOTURISMO Y EVENTOSenoturismo@bodegasfranciscogomez.es\u00a0 TIENDA DE BODEGA Y TIENDA ON-LINEtienda@bodegasfranciscogomez.esDirecci\u00f3n: Ctra. Villena \u2013 Pinoso (CV-813) Km. 8.8. Villena (Alicante). Espa\u00f1a.Coordenadas GPS: Latitud 38\u00ba 34\u2019 57\u2019\u2019 [&hellip;]<\/p>\n","protected":false},"author":1,"featured_media":0,"parent":0,"menu_order":0,"comment_status":"closed","ping_status":"closed","template":"","meta":{"_acf_changed":false,"_et_pb_use_builder":"on","_et_pb_old_content":"","_et_gb_content_width":"","footnotes":""},"class_list":["post-7190","page","type-page","status-publish","hentry"],"acf":[],"yoast_head":"<!-- This site is optimized with the Yoast SEO plugin v27.1.1 - https:\/\/yoast.com\/product\/yoast-seo-wordpress\/ -->\n<title>CONTACTO Y HORARIOS - BODEGAS FRANCISCO G\u00d3MEZ<\/title>\n<meta name=\"robots\" content=\"index, follow, max-snippet:-1, max-image-preview:large, max-video-preview:-1\" \/>\n<link rel=\"canonical\" href=\"https:\/\/www.bodegasfranciscogomez.es\/en\/contacto-y-horarios\/\" \/>\n<meta property=\"og:locale\" content=\"en_US\" \/>\n<meta property=\"og:type\" content=\"article\" \/>\n<meta property=\"og:title\" content=\"CONTACTO Y HORARIOS - BODEGAS FRANCISCO G\u00d3MEZ\" \/>\n<meta property=\"og:description\" content=\"Ctra. Villena \u2013 Pinoso (CV-813) Km. 8.8. Villena (Alicante). Espa\u00f1aCONTACTOTEL\u00c9FONOS965 97 91 95 \u2013 965 97 95 55Fax: 965 97 91 96 RECEPCI\u00d3Ninfo@bodegasfranciscogomez.es ADMINISTRACI\u00d3Nadmon@bodegasfranciscogomez.es BODEGA Y ALMAZARAbodega@bodegasfranciscogomez.es EXPORTACI\u00d3Nexport@bodegasfranciscogomez.es DPTO. VENTAS NACIONALantonio.gazquez@bodegasfranciscogomez.es\u00a0 ENOTURISMO Y EVENTOSenoturismo@bodegasfranciscogomez.es\u00a0 TIENDA DE BODEGA Y TIENDA ON-LINEtienda@bodegasfranciscogomez.esDirecci\u00f3n: Ctra. Villena \u2013 Pinoso (CV-813) Km. 8.8. Villena (Alicante). Espa\u00f1a.Coordenadas GPS: Latitud 38\u00ba 34\u2019 57\u2019\u2019 [&hellip;]\" \/>\n<meta property=\"og:url\" content=\"https:\/\/www.bodegasfranciscogomez.es\/en\/contacto-y-horarios\/\" \/>\n<meta property=\"og:site_name\" content=\"BODEGAS FRANCISCO G\u00d3MEZ\" \/>\n<meta property=\"article:modified_time\" content=\"2025-05-09T11:11:54+00:00\" \/>\n<meta name=\"twitter:card\" content=\"summary_large_image\" \/>\n<meta name=\"twitter:label1\" content=\"Est. reading time\" \/>\n\t<meta name=\"twitter:data1\" content=\"1 minute\" \/>\n<script type=\"application\/ld+json\" class=\"yoast-schema-graph\">{\"@context\":\"https:\/\/schema.org\",\"@graph\":[{\"@type\":\"WebPage\",\"@id\":\"https:\/\/www.bodegasfranciscogomez.es\/en\/contacto-y-horarios\/\",\"url\":\"https:\/\/www.bodegasfranciscogomez.es\/en\/contacto-y-horarios\/\",\"name\":\"CONTACTO Y HORARIOS - BODEGAS FRANCISCO G\u00d3MEZ\",\"isPartOf\":{\"@id\":\"https:\/\/www.bodegasfranciscogomez.es\/en\/#website\"},\"datePublished\":\"2020-04-06T10:45:56+00:00\",\"dateModified\":\"2025-05-09T11:11:54+00:00\",\"breadcrumb\":{\"@id\":\"https:\/\/www.bodegasfranciscogomez.es\/en\/contacto-y-horarios\/#breadcrumb\"},\"inLanguage\":\"en-US\",\"potentialAction\":[{\"@type\":\"ReadAction\",\"target\":[\"https:\/\/www.bodegasfranciscogomez.es\/en\/contacto-y-horarios\/\"]}]},{\"@type\":\"BreadcrumbList\",\"@id\":\"https:\/\/www.bodegasfranciscogomez.es\/en\/contacto-y-horarios\/#breadcrumb\",\"itemListElement\":[{\"@type\":\"ListItem\",\"position\":1,\"name\":\"Portada\",\"item\":\"https:\/\/www.bodegasfranciscogomez.es\/en\/\"},{\"@type\":\"ListItem\",\"position\":2,\"name\":\"CONTACTO Y HORARIOS\"}]},{\"@type\":\"WebSite\",\"@id\":\"https:\/\/www.bodegasfranciscogomez.es\/en\/#website\",\"url\":\"https:\/\/www.bodegasfranciscogomez.es\/en\/\",\"name\":\"BODEGAS FRANCISCO G\u00d3MEZ\",\"description\":\"Vino y Aceite de Oliva Virgen Extra\",\"potentialAction\":[{\"@type\":\"SearchAction\",\"target\":{\"@type\":\"EntryPoint\",\"urlTemplate\":\"https:\/\/www.bodegasfranciscogomez.es\/en\/?s={search_term_string}\"},\"query-input\":{\"@type\":\"PropertyValueSpecification\",\"valueRequired\":true,\"valueName\":\"search_term_string\"}}],\"inLanguage\":\"en-US\"}]}<\/script>\n<!-- \/ Yoast SEO plugin. -->","yoast_head_json":{"title":"CONTACTO Y HORARIOS - BODEGAS FRANCISCO G\u00d3MEZ","robots":{"index":"index","follow":"follow","max-snippet":"max-snippet:-1","max-image-preview":"max-image-preview:large","max-video-preview":"max-video-preview:-1"},"canonical":"https:\/\/www.bodegasfranciscogomez.es\/en\/contacto-y-horarios\/","og_locale":"en_US","og_type":"article","og_title":"CONTACTO Y HORARIOS - BODEGAS FRANCISCO G\u00d3MEZ","og_description":"Ctra. Villena \u2013 Pinoso (CV-813) Km. 8.8. Villena (Alicante). Espa\u00f1aCONTACTOTEL\u00c9FONOS965 97 91 95 \u2013 965 97 95 55Fax: 965 97 91 96 RECEPCI\u00d3Ninfo@bodegasfranciscogomez.es ADMINISTRACI\u00d3Nadmon@bodegasfranciscogomez.es BODEGA Y ALMAZARAbodega@bodegasfranciscogomez.es EXPORTACI\u00d3Nexport@bodegasfranciscogomez.es DPTO. VENTAS NACIONALantonio.gazquez@bodegasfranciscogomez.es\u00a0 ENOTURISMO Y EVENTOSenoturismo@bodegasfranciscogomez.es\u00a0 TIENDA DE BODEGA Y TIENDA ON-LINEtienda@bodegasfranciscogomez.esDirecci\u00f3n: Ctra. Villena \u2013 Pinoso (CV-813) Km. 8.8. Villena (Alicante). Espa\u00f1a.Coordenadas GPS: Latitud 38\u00ba 34\u2019 57\u2019\u2019 [&hellip;]","og_url":"https:\/\/www.bodegasfranciscogomez.es\/en\/contacto-y-horarios\/","og_site_name":"BODEGAS FRANCISCO G\u00d3MEZ","article_modified_time":"2025-05-09T11:11:54+00:00","twitter_card":"summary_large_image","twitter_misc":{"Est. reading time":"1 minute"},"schema":{"@context":"https:\/\/schema.org","@graph":[{"@type":"WebPage","@id":"https:\/\/www.bodegasfranciscogomez.es\/en\/contacto-y-horarios\/","url":"https:\/\/www.bodegasfranciscogomez.es\/en\/contacto-y-horarios\/","name":"CONTACTO Y HORARIOS - BODEGAS FRANCISCO G\u00d3MEZ","isPartOf":{"@id":"https:\/\/www.bodegasfranciscogomez.es\/en\/#website"},"datePublished":"2020-04-06T10:45:56+00:00","dateModified":"2025-05-09T11:11:54+00:00","breadcrumb":{"@id":"https:\/\/www.bodegasfranciscogomez.es\/en\/contacto-y-horarios\/#breadcrumb"},"inLanguage":"en-US","potentialAction":[{"@type":"ReadAction","target":["https:\/\/www.bodegasfranciscogomez.es\/en\/contacto-y-horarios\/"]}]},{"@type":"BreadcrumbList","@id":"https:\/\/www.bodegasfranciscogomez.es\/en\/contacto-y-horarios\/#breadcrumb","itemListElement":[{"@type":"ListItem","position":1,"name":"Portada","item":"https:\/\/www.bodegasfranciscogomez.es\/en\/"},{"@type":"ListItem","position":2,"name":"CONTACTO Y HORARIOS"}]},{"@type":"WebSite","@id":"https:\/\/www.bodegasfranciscogomez.es\/en\/#website","url":"https:\/\/www.bodegasfranciscogomez.es\/en\/","name":"BODEGAS FRANCISCO G\u00d3MEZ","description":"Vino y Aceite de Oliva Virgen Extra","potentialAction":[{"@type":"SearchAction","target":{"@type":"EntryPoint","urlTemplate":"https:\/\/www.bodegasfranciscogomez.es\/en\/?s={search_term_string}"},"query-input":{"@type":"PropertyValueSpecification","valueRequired":true,"valueName":"search_term_string"}}],"inLanguage":"en-US"}]}},"_links":{"self":[{"href":"https:\/\/www.bodegasfranciscogomez.es\/en\/wp-json\/wp\/v2\/pages\/7190","targetHints":{"allow":["GET"]}}],"collection":[{"href":"https:\/\/www.bodegasfranciscogomez.es\/en\/wp-json\/wp\/v2\/pages"}],"about":[{"href":"https:\/\/www.bodegasfranciscogomez.es\/en\/wp-json\/wp\/v2\/types\/page"}],"author":[{"embeddable":true,"href":"https:\/\/www.bodegasfranciscogomez.es\/en\/wp-json\/wp\/v2\/users\/1"}],"replies":[{"embeddable":true,"href":"https:\/\/www.bodegasfranciscogomez.es\/en\/wp-json\/wp\/v2\/comments?post=7190"}],"version-history":[{"count":4,"href":"https:\/\/www.bodegasfranciscogomez.es\/en\/wp-json\/wp\/v2\/pages\/7190\/revisions"}],"predecessor-version":[{"id":10827,"href":"https:\/\/www.bodegasfranciscogomez.es\/en\/wp-json\/wp\/v2\/pages\/7190\/revisions\/10827"}],"wp:attachment":[{"href":"https:\/\/www.bodegasfranciscogomez.es\/en\/wp-json\/wp\/v2\/media?parent=7190"}],"curies":[{"name":"wp","href":"https:\/\/api.w.org\/{rel}","templated":true}]}}